{"id":3,"date":"2024-09-06T08:03:15","date_gmt":"2024-09-06T08:03:15","guid":{"rendered":"https:\/\/opening-doors.eu\/?page_id=3"},"modified":"2024-12-01T19:45:19","modified_gmt":"2024-12-01T19:45:19","slug":"politica-privadesa","status":"publish","type":"page","link":"https:\/\/opening-doors.eu\/ca\/politica-privadesa\/","title":{"rendered":"Pol\u00edtica de privadesa"},"content":{"rendered":"<p>A<strong> Opening Doors Apartments &amp; Villas SL<\/strong> estem compromesos amb la<br>protecci\u00f3 de les teves dades personals i el respecte a la teva privadesa. A continuaci\u00f3, et<br>informem sobre com recopilem, utilitzem i protegim la informaci\u00f3 que ens proporciones en navegar als nostres llocs web: <a href=\"https:\/\/opening-doors.eu\/ca\/\">https:\/\/opening-doors.eu\/<\/a> i<br><a href=\"https:\/\/openingdoorsapartments.holidayfuture.com\/&nbsp;\">https:\/\/openingdoorsapartments.holidayfuture.com\/&nbsp;<\/a><br><br>Complim amb la normativa vigent en mat\u00e8ria de protecci\u00f3 de dades personals, en particular:<\/p>\n\n\n\n<ul class=\"wp-block-list\">\n<li>La <strong>Llei Org\u00e0nica 3\/2018<\/strong>, de 5 de desembre, de Protecci\u00f3 de Dades Personals i Garantia dels Drets Digitals (<strong>LOPD GDD<\/strong>).<\/li>\n\n\n\n<li>El <strong>Reglament (UE) 2016\/679<\/strong> del Parlament Europeu i del Consell, de 27 d&#039;abril de 2016, relatiu a la protecci\u00f3 de les persones f\u00edsiques (<strong>RGPD<\/strong>).<\/li>\n<\/ul>\n\n\n\n<p>L&#039;\u00fas del nostre lloc web implica l&#039;acceptaci\u00f3 d&#039;aquesta Pol\u00edtica de Privadesa, aix\u00ed<br>com de les condicions incloses al nostre Av\u00eds Legal.<\/p>\n\n\n\n<h2 class=\"wp-block-heading\">Identitat del responsable del Tractament<\/h2>\n\n\n\n<ul class=\"wp-block-list\">\n<li><strong>Titular:<\/strong> Opening Doors Apartments &amp; Villas SL<\/li>\n\n\n\n<li><strong>NIF\/CIF:<\/strong>&nbsp;B55494421<\/li>\n\n\n\n<li><strong>Domicili:<\/strong>&nbsp;C\/Rabassa 33 1r 1r, 08024 Barcelona<\/li>\n\n\n\n<li><strong>Correu electr\u00f2nic:<\/strong>\u00a0<a href=\"mailto:romina@opening-doors.eu\">info@opening-doors.eu<\/a><\/li>\n\n\n\n<li><strong>Llocs <a href=\"Web:&nbsp;www.opening-doors.eu\">Web:<\/a><\/strong><a href=\"Web:&nbsp;www.opening-doors.eu\">&nbsp;www.opening-doors.eu <\/a><br><a href=\"https:\/\/openingdoorsapartments.holidayfuture.com\/\">https:\/\/openingdoorsapartments.holidayfuture.com\/<\/a><\/li>\n<\/ul>\n\n\n\n<h2 class=\"wp-block-heading\">Principis aplicats al tractament de dades<\/h2>\n\n\n\n<p>Apliquem els principis seg\u00fcents en el tractament de les teves dades personals:<\/p>\n\n\n\n<ul class=\"wp-block-list\">\n<li><strong>Licitud, lleialtat i transpar\u00e8ncia:<\/strong> Recopilem i tractem les teves dades \u00fanicament amb el teu consentiment informat i per a fins leg\u00edtims.<\/li>\n\n\n\n<li><strong>Minimitzaci\u00f3 de dades:<\/strong> Nom\u00e9s sol\u00b7licitem les dades estrictament necess\u00e0ries per a cada finalitat.<\/li>\n\n\n\n<li><strong>Limitaci\u00f3 del termini de conservaci\u00f3:<\/strong> Conservem les teves dades nom\u00e9s durant el temps necessari per als fins establerts.<\/li>\n\n\n\n<li><strong>Integritat i confidencialitat:<\/strong> Garantim la seguretat de les teves dades mitjan\u00e7ant mesures t\u00e8cniques i organitzatives adequades.<\/li>\n<\/ul>\n\n\n\n<h2 class=\"wp-block-heading\">Obtenci\u00f3 de dades personals<\/h2>\n\n\n\n<p>Recopilem dades personals \u00fanicament en els casos seg\u00fcents:<\/p>\n\n\n\n<ul class=\"wp-block-list\">\n<li>Quan ens contactes mitjan\u00e7ant els formularis de contacte o per correu electr\u00f2nic.<\/li>\n\n\n\n<li>En sol\u00b7licitar els nostres serveis de transport a trav\u00e9s del lloc web.<\/li>\n<\/ul>\n\n\n\n<h2 class=\"wp-block-heading\">Finalitat del Tractament de les Dades<\/h2>\n\n\n\n<p>Les dades que ens proporcionis seran tractades amb les finalitats seg\u00fcents:<\/p>\n\n\n\n<ul class=\"wp-block-list\">\n<li>Respondre les consultes o les sol\u00b7licituds d&#039;informaci\u00f3.<\/li>\n\n\n\n<li>Gestionar la contractaci\u00f3 de serveis que sol\u00b7licitis.<\/li>\n\n\n\n<li>Complir les nostres obligacions legals i administratives.<\/li>\n<\/ul>\n\n\n\n<p>En cap cas utilitzarem les teves dades amb fins diferents de les expressament indicades.<\/p>\n\n\n\n<h2 class=\"wp-block-heading\">Drets de l&#039;Usuari<\/h2>\n\n\n\n<p>Com a usuari, tens dret a:<\/p>\n\n\n\n<ul class=\"wp-block-list\">\n<li><strong>Acc\u00e9s:<\/strong> Con\u00e8ixer quines dades personals tractem.<\/li>\n\n\n\n<li><strong>Rectificaci\u00f3:<\/strong> Corregir dades inexactes o incomplets.<\/li>\n\n\n\n<li><strong>Supressi\u00f3 (Dret a l&#039;oblit):<\/strong> Sol\u00b7licitar l&#039;eliminaci\u00f3 de les teves dades quan ja no siguin necess\u00e0ries.<\/li>\n\n\n\n<li><strong>Limitaci\u00f3:<\/strong> Restringir el tractament en certes circumst\u00e0ncies.<\/li>\n\n\n\n<li><strong>Portabilitat:<\/strong> Rebre les teves dades en un format estructurat i transferir-les a un altre responsable.<\/li>\n\n\n\n<li><strong>Oposici\u00f3:<\/strong> Oposar-te al tractament de les teves dades per motius personals.<\/li>\n<\/ul>\n\n\n\n<p>Per exercir els teus drets, pots enviar una sol\u00b7licitud a <strong>info@opening-doors.eu<\/strong>, acompanyada d&#039;una c\u00f2pia del vostre document d&#039;identitat.<br><br>Si consideres que els teus drets no han estat atesos correctament, pots presentar una reclamaci\u00f3 davant de la <strong>Ag\u00e8ncia Espanyola de Protecci\u00f3 de Dades<\/strong> (<a href=\"http:\/\/www.aepd.es\">www.aepd.es<\/a>).<\/p>","protected":false},"excerpt":{"rendered":"<p>En Opening Doors Apartments &amp; Villas SL estamos comprometidos con laprotecci\u00f3n de tus datos personales y el respeto a tu [&hellip;]<\/p>\n","protected":false},"author":1,"featured_media":0,"parent":0,"menu_order":0,"comment_status":"closed","ping_status":"closed","template":"","meta":{"_uag_custom_page_level_css":"","site-sidebar-layout":"default","site-content-layout":"","ast-site-content-layout":"narrow-width-container","site-content-style":"default","site-sidebar-style":"default","ast-global-header-display":"","ast-banner-title-visibility":"","ast-main-header-display":"","ast-hfb-above-header-display":"","ast-hfb-below-header-display":"","ast-hfb-mobile-header-display":"","site-post-title":"","ast-breadcrumbs-content":"","ast-featured-img":"","footer-sml-layout":"","ast-disable-related-posts":"","theme-transparent-header-meta":"","adv-header-id-meta":"","stick-header-meta":"","header-above-stick-meta":"","header-main-stick-meta":"","header-below-stick-meta":"","astra-migrate-meta-layouts":"default","ast-page-background-enabled":"default","ast-page-background-meta":{"desktop":{"background-color":"var(--ast-global-color-4)","background-image":"","background-repeat":"repeat","background-position":"center center","background-size":"auto","background-attachment":"scroll","background-type":"","background-media":"","overlay-type":"","overlay-color":"","overlay-opacity":"","overlay-gradient":""},"tablet":{"background-color":"","background-image":"","background-repeat":"repeat","background-position":"center center","background-size":"auto","background-attachment":"scroll","background-type":"","background-media":"","overlay-type":"","overlay-color":"","overlay-opacity":"","overlay-gradient":""},"mobile":{"background-color":"","background-image":"","background-repeat":"repeat","background-position":"center center","background-size":"auto","background-attachment":"scroll","background-type":"","background-media":"","overlay-type":"","overlay-color":"","overlay-opacity":"","overlay-gradient":""}},"ast-content-background-meta":{"desktop":{"background-color":"var(--ast-global-color-5)","background-image":"","background-repeat":"repeat","background-position":"center center","background-size":"auto","background-attachment":"scroll","background-type":"","background-media":"","overlay-type":"","overlay-color":"","overlay-opacity":"","overlay-gradient":""},"tablet":{"background-color":"var(--ast-global-color-5)","background-image":"","background-repeat":"repeat","background-position":"center center","background-size":"auto","background-attachment":"scroll","background-type":"","background-media":"","overlay-type":"","overlay-color":"","overlay-opacity":"","overlay-gradient":""},"mobile":{"background-color":"var(--ast-global-color-5)","background-image":"","background-repeat":"repeat","background-position":"center center","background-size":"auto","background-attachment":"scroll","background-type":"","background-media":"","overlay-type":"","overlay-color":"","overlay-opacity":"","overlay-gradient":""}},"footnotes":""},"class_list":["post-3","page","type-page","status-publish","hentry"],"yoast_head":"<!-- This site is optimized with the Yoast SEO plugin v27.2 - https:\/\/yoast.com\/product\/yoast-seo-wordpress\/ -->\n<title>Pol\u00edtica de privacidad - Opening Doors<\/title>\n<meta name=\"robots\" content=\"noindex, follow\" \/>\n<meta property=\"og:locale\" content=\"ca_ES\" \/>\n<meta property=\"og:type\" content=\"article\" \/>\n<meta property=\"og:title\" content=\"Pol\u00edtica de privacidad - Opening Doors\" \/>\n<meta property=\"og:description\" content=\"En Opening Doors Apartments &amp; Villas SL estamos comprometidos con laprotecci\u00f3n de tus datos personales y el respeto a tu [&hellip;]\" \/>\n<meta property=\"og:url\" content=\"https:\/\/opening-doors.eu\/ca\/politica-privadesa\/\" \/>\n<meta property=\"og:site_name\" content=\"Opening Doors\" \/>\n<meta property=\"article:modified_time\" content=\"2024-12-01T19:45:19+00:00\" \/>\n<meta name=\"twitter:card\" content=\"summary_large_image\" \/>\n<meta name=\"twitter:label1\" content=\"Temps estimat de lectura\" \/>\n\t<meta name=\"twitter:data1\" content=\"2 minuts\" \/>\n<script type=\"application\/ld+json\" class=\"yoast-schema-graph\">{\"@context\":\"https:\/\/schema.org\",\"@graph\":[{\"@type\":\"WebPage\",\"@id\":\"https:\/\/opening-doors.eu\/politica-privacidad\/\",\"url\":\"https:\/\/opening-doors.eu\/politica-privacidad\/\",\"name\":\"Pol\u00edtica de privacidad - Opening Doors\",\"isPartOf\":{\"@id\":\"https:\/\/opening-doors.eu\/#website\"},\"datePublished\":\"2024-09-06T08:03:15+00:00\",\"dateModified\":\"2024-12-01T19:45:19+00:00\",\"breadcrumb\":{\"@id\":\"https:\/\/opening-doors.eu\/politica-privacidad\/#breadcrumb\"},\"inLanguage\":\"ca\",\"potentialAction\":[{\"@type\":\"ReadAction\",\"target\":[\"https:\/\/opening-doors.eu\/politica-privacidad\/\"]}]},{\"@type\":\"BreadcrumbList\",\"@id\":\"https:\/\/opening-doors.eu\/politica-privacidad\/#breadcrumb\",\"itemListElement\":[{\"@type\":\"ListItem\",\"position\":1,\"name\":\"Inicio\",\"item\":\"https:\/\/opening-doors.eu\/\"},{\"@type\":\"ListItem\",\"position\":2,\"name\":\"Pol\u00edtica de privacidad\"}]},{\"@type\":\"WebSite\",\"@id\":\"https:\/\/opening-doors.eu\/#website\",\"url\":\"https:\/\/opening-doors.eu\/\",\"name\":\"Opening Doors\",\"description\":\"\",\"publisher\":{\"@id\":\"https:\/\/opening-doors.eu\/#organization\"},\"potentialAction\":[{\"@type\":\"SearchAction\",\"target\":{\"@type\":\"EntryPoint\",\"urlTemplate\":\"https:\/\/opening-doors.eu\/?s={search_term_string}\"},\"query-input\":{\"@type\":\"PropertyValueSpecification\",\"valueRequired\":true,\"valueName\":\"search_term_string\"}}],\"inLanguage\":\"ca\"},{\"@type\":\"Organization\",\"@id\":\"https:\/\/opening-doors.eu\/#organization\",\"name\":\"Opening Doors\",\"url\":\"https:\/\/opening-doors.eu\/\",\"logo\":{\"@type\":\"ImageObject\",\"inLanguage\":\"ca\",\"@id\":\"https:\/\/opening-doors.eu\/#\/schema\/logo\/image\/\",\"url\":\"https:\/\/opening-doors.eu\/wp-content\/uploads\/2026\/04\/logo_OD_web_02.png\",\"contentUrl\":\"https:\/\/opening-doors.eu\/wp-content\/uploads\/2026\/04\/logo_OD_web_02.png\",\"width\":215,\"height\":108,\"caption\":\"Opening Doors\"},\"image\":{\"@id\":\"https:\/\/opening-doors.eu\/#\/schema\/logo\/image\/\"}}]}<\/script>\n<!-- \/ Yoast SEO plugin. -->","yoast_head_json":{"title":"Pol\u00edtica de privadesa - Opening Doors","robots":{"index":"noindex","follow":"follow"},"og_locale":"ca_ES","og_type":"article","og_title":"Pol\u00edtica de privacidad - Opening Doors","og_description":"En Opening Doors Apartments &amp; Villas SL estamos comprometidos con laprotecci\u00f3n de tus datos personales y el respeto a tu [&hellip;]","og_url":"https:\/\/opening-doors.eu\/ca\/politica-privadesa\/","og_site_name":"Opening Doors","article_modified_time":"2024-12-01T19:45:19+00:00","twitter_card":"summary_large_image","twitter_misc":{"Temps estimat de lectura":"2 minuts"},"schema":{"@context":"https:\/\/schema.org","@graph":[{"@type":"WebPage","@id":"https:\/\/opening-doors.eu\/politica-privacidad\/","url":"https:\/\/opening-doors.eu\/politica-privacidad\/","name":"Pol\u00edtica de privadesa - Opening Doors","isPartOf":{"@id":"https:\/\/opening-doors.eu\/#website"},"datePublished":"2024-09-06T08:03:15+00:00","dateModified":"2024-12-01T19:45:19+00:00","breadcrumb":{"@id":"https:\/\/opening-doors.eu\/politica-privacidad\/#breadcrumb"},"inLanguage":"ca","potentialAction":[{"@type":"ReadAction","target":["https:\/\/opening-doors.eu\/politica-privacidad\/"]}]},{"@type":"BreadcrumbList","@id":"https:\/\/opening-doors.eu\/politica-privacidad\/#breadcrumb","itemListElement":[{"@type":"ListItem","position":1,"name":"Inicio","item":"https:\/\/opening-doors.eu\/"},{"@type":"ListItem","position":2,"name":"Pol\u00edtica de privacidad"}]},{"@type":"WebSite","@id":"https:\/\/opening-doors.eu\/#website","url":"https:\/\/opening-doors.eu\/","name":"Opening Doors","description":"","publisher":{"@id":"https:\/\/opening-doors.eu\/#organization"},"potentialAction":[{"@type":"SearchAction","target":{"@type":"EntryPoint","urlTemplate":"https:\/\/opening-doors.eu\/?s={search_term_string}"},"query-input":{"@type":"PropertyValueSpecification","valueRequired":true,"valueName":"search_term_string"}}],"inLanguage":"ca"},{"@type":"Organization","@id":"https:\/\/opening-doors.eu\/#organization","name":"Opening Doors","url":"https:\/\/opening-doors.eu\/","logo":{"@type":"ImageObject","inLanguage":"ca","@id":"https:\/\/opening-doors.eu\/#\/schema\/logo\/image\/","url":"https:\/\/opening-doors.eu\/wp-content\/uploads\/2026\/04\/logo_OD_web_02.png","contentUrl":"https:\/\/opening-doors.eu\/wp-content\/uploads\/2026\/04\/logo_OD_web_02.png","width":215,"height":108,"caption":"Opening Doors"},"image":{"@id":"https:\/\/opening-doors.eu\/#\/schema\/logo\/image\/"}}]}},"uagb_featured_image_src":{"full":false,"thumbnail":false,"medium":false,"medium_large":false,"large":false,"1536x1536":false,"2048x2048":false,"trp-custom-language-flag":false},"uagb_author_info":{"display_name":"mondo","author_link":"https:\/\/opening-doors.eu\/ca\/author\/mondo\/"},"uagb_comment_info":0,"uagb_excerpt":"En Opening Doors Apartments &amp; Villas SL estamos comprometidos con laprotecci\u00f3n de tus datos personales y el respeto a tu [&hellip;]","_links":{"self":[{"href":"https:\/\/opening-doors.eu\/ca\/wp-json\/wp\/v2\/pages\/3","targetHints":{"allow":["GET"]}}],"collection":[{"href":"https:\/\/opening-doors.eu\/ca\/wp-json\/wp\/v2\/pages"}],"about":[{"href":"https:\/\/opening-doors.eu\/ca\/wp-json\/wp\/v2\/types\/page"}],"author":[{"embeddable":true,"href":"https:\/\/opening-doors.eu\/ca\/wp-json\/wp\/v2\/users\/1"}],"replies":[{"embeddable":true,"href":"https:\/\/opening-doors.eu\/ca\/wp-json\/wp\/v2\/comments?post=3"}],"version-history":[{"count":19,"href":"https:\/\/opening-doors.eu\/ca\/wp-json\/wp\/v2\/pages\/3\/revisions"}],"predecessor-version":[{"id":4446,"href":"https:\/\/opening-doors.eu\/ca\/wp-json\/wp\/v2\/pages\/3\/revisions\/4446"}],"wp:attachment":[{"href":"https:\/\/opening-doors.eu\/ca\/wp-json\/wp\/v2\/media?parent=3"}],"curies":[{"name":"wp","href":"https:\/\/api.w.org\/{rel}","templated":true}]}}