{"id":565,"date":"2024-09-20T10:09:53","date_gmt":"2024-09-20T10:09:53","guid":{"rendered":"https:\/\/opening-doors.eu\/?page_id=565"},"modified":"2024-12-01T20:17:30","modified_gmt":"2024-12-01T20:17:30","slug":"gestio-integral-de-segones-residencies","status":"publish","type":"page","link":"https:\/\/opening-doors.eu\/ca\/serveis-per-a-propietaris\/gestio-integral-de-segones-residencies\/","title":{"rendered":"Gesti\u00f3 integral de segones resid\u00e8ncies"},"content":{"rendered":"<div class=\"wp-block-uagb-container uagb-block-f841cf80 alignfull uagb-is-root-container\"><div class=\"uagb-container-inner-blocks-wrap\"><div class=\"yoast-breadcrumbs\"><span><span><a href=\"https:\/\/opening-doors.eu\/ca\/\">Inici<\/a><\/span> \u00bb <span><a href=\"https:\/\/opening-doors.eu\/ca\/serveis-per-a-propietaris\/\">Serveis per a propietaris<\/a><\/span> \u00bb <span class=\"breadcrumb_last\" aria-current=\"page\">Gesti\u00f3 integral de segones resid\u00e8ncies<\/span><\/span><\/div>\n\n\n<div class=\"wp-block-uagb-container uagb-block-01a3846f\">\n<div class=\"wp-block-uagb-advanced-heading uagb-block-3af4fa5a\"><h1 class=\"uagb-heading-text\">Gesti\u00f3 integral de segones resid\u00e8ncies<\/h1><\/div>\n<\/div>\n<\/div><\/div>\n\n\n\n<div class=\"wp-block-uagb-container uagb-block-937e387d alignfull uagb-is-root-container\"><div class=\"uagb-container-inner-blocks-wrap\">\n<div class=\"wp-block-uagb-container uagb-block-169413e0\">\n<div class=\"wp-block-uagb-container uagb-block-51320d8d\">\n<div class=\"wp-block-uagb-image uagb-block-f80dfc95 wp-block-uagb-image--layout-default wp-block-uagb-image--effect-static wp-block-uagb-image--align-none\"><figure class=\"wp-block-uagb-image__figure\"><img decoding=\"async\" srcset=\"https:\/\/opening-doors.eu\/wp-content\/uploads\/2024\/09\/pexels-ono-kosuki-5974354-683x1024.webp ,https:\/\/opening-doors.eu\/wp-content\/uploads\/2024\/09\/pexels-ono-kosuki-5974354-683x1024.webp 780w, https:\/\/opening-doors.eu\/wp-content\/uploads\/2024\/09\/pexels-ono-kosuki-5974354-683x1024.webp 360w\" sizes=\"auto, (max-width: 480px) 150px\" src=\"https:\/\/opening-doors.eu\/wp-content\/uploads\/2024\/09\/pexels-ono-kosuki-5974354-683x1024.webp\" alt=\"\" class=\"uag-image-1988\" width=\"600\" height=\"280\" title=\"pexels-ono-kosuki-5974354\" loading=\"lazy\" role=\"img\"\/><\/figure><\/div>\n\n\n\n<div class=\"wp-block-uagb-advanced-heading uagb-block-f3c11173\"><h2 class=\"uagb-heading-text\">Manteniment de propietats<\/h2><\/div>\n\n\n\n<div class=\"wp-block-uagb-advanced-heading uagb-block-447ee99b\"><p class=\"uagb-heading-text\">Ens encarreguem tant del manteniment preventiu i programat com de l&#039;atenci\u00f3 dels imprevistos.<\/p><\/div>\n\n\n\n<div class=\"wp-block-uagb-buttons uagb-buttons__outer-wrap uagb-btn__default-btn uagb-btn-tablet__default-btn uagb-btn-mobile__default-btn uagb-block-c0369743\"><div class=\"uagb-buttons__wrap uagb-buttons-layout-wrap\">\n<div class=\"wp-block-uagb-buttons-child uagb-buttons__outer-wrap uagb-block-8c037f04 wp-block-button\"><div class=\"uagb-button__wrapper\"><a class=\"uagb-buttons-repeater wp-block-button__link\" aria-label=\"\" href=\"https:\/\/opening-doors.eu\/ca\/serveis-per-a-propietaris\/gestio-integral-de-segones-residencies\/manteniment-de-propietats\/\" rel=\"follow noopener\" target=\"_self\" role=\"button\"><div class=\"uagb-button__link\">VEURE M\u00c9S<\/div><\/a><\/div><\/div>\n<\/div><\/div>\n<\/div>\n<\/div>\n\n\n\n<div class=\"wp-block-uagb-container uagb-block-35793304\">\n<div class=\"wp-block-uagb-container uagb-block-6b3472f3\">\n<div class=\"wp-block-uagb-image uagb-block-a5c2948c wp-block-uagb-image--layout-default wp-block-uagb-image--effect-static wp-block-uagb-image--align-none\"><figure class=\"wp-block-uagb-image__figure\"><img decoding=\"async\" srcset=\"https:\/\/opening-doors.eu\/wp-content\/uploads\/2024\/09\/pexels-taryn-elliott-4099354-683x1024.webp ,https:\/\/opening-doors.eu\/wp-content\/uploads\/2024\/09\/pexels-taryn-elliott-4099354-683x1024.webp 780w, https:\/\/opening-doors.eu\/wp-content\/uploads\/2024\/09\/pexels-taryn-elliott-4099354-683x1024.webp 360w\" sizes=\"auto, (max-width: 480px) 150px\" src=\"https:\/\/opening-doors.eu\/wp-content\/uploads\/2024\/09\/pexels-taryn-elliott-4099354-683x1024.webp\" alt=\"\" class=\"uag-image-2013\" width=\"600\" height=\"280\" title=\"pexels-taryn-elliott-4099354\" loading=\"lazy\" role=\"img\"\/><\/figure><\/div>\n\n\n\n<div class=\"wp-block-uagb-advanced-heading uagb-block-623c9624\"><h2 class=\"uagb-heading-text\">Servei de consergeria<\/h2><\/div>\n\n\n\n<div class=\"wp-block-uagb-advanced-heading uagb-block-a69d1958\"><p class=\"uagb-heading-text\">Volem que gaudeixis al m\u00e0xim durant la teva estada. T&#039;oferim serveis exclusius dissenyats pel teu confort i benestar.<\/p><\/div>\n\n\n\n<div class=\"wp-block-uagb-buttons uagb-buttons__outer-wrap uagb-btn__default-btn uagb-btn-tablet__default-btn uagb-btn-mobile__default-btn uagb-block-812aa107\"><div class=\"uagb-buttons__wrap uagb-buttons-layout-wrap\">\n<div class=\"wp-block-uagb-buttons-child uagb-buttons__outer-wrap uagb-block-e016e10d wp-block-button\"><div class=\"uagb-button__wrapper\"><a class=\"uagb-buttons-repeater wp-block-button__link\" aria-label=\"\" href=\"https:\/\/opening-doors.eu\/ca\/serveis-per-a-propietaris\/gestio-integral-de-segones-residencies\/servei-de-consergeria\/\" rel=\"follow noopener\" target=\"_self\" role=\"button\"><div class=\"uagb-button__link\">VEURE M\u00c9S<\/div><\/a><\/div><\/div>\n<\/div><\/div>\n<\/div>\n<\/div>\n<\/div><\/div>","protected":false},"excerpt":{"rendered":"<p>Gesti\u00f3n integral de segundas residencias Mantenimiento de propiedades Nos encargamos tanto del mantenimiento preventivo y programado como de la atenci\u00f3n [&hellip;]<\/p>\n","protected":false},"author":1,"featured_media":0,"parent":376,"menu_order":0,"comment_status":"closed","ping_status":"closed","template":"","meta":{"_uag_custom_page_level_css":"","site-sidebar-layout":"default","site-content-layout":"","ast-site-content-layout":"default","site-content-style":"default","site-sidebar-style":"default","ast-global-header-display":"","ast-banner-title-visibility":"","ast-main-header-display":"","ast-hfb-above-header-display":"","ast-hfb-below-header-display":"","ast-hfb-mobile-header-display":"","site-post-title":"disabled","ast-breadcrumbs-content":"","ast-featured-img":"","footer-sml-layout":"","ast-disable-related-posts":"","theme-transparent-header-meta":"","adv-header-id-meta":"","stick-header-meta":"","header-above-stick-meta":"","header-main-stick-meta":"","header-below-stick-meta":"","astra-migrate-meta-layouts":"default","ast-page-background-enabled":"default","ast-page-background-meta":{"desktop":{"background-color":"var(--ast-global-color-4)","background-image":"","background-repeat":"repeat","background-position":"center center","background-size":"auto","background-attachment":"scroll","background-type":"","background-media":"","overlay-type":"","overlay-color":"","overlay-opacity":"","overlay-gradient":""},"tablet":{"background-color":"","background-image":"","background-repeat":"repeat","background-position":"center center","background-size":"auto","background-attachment":"scroll","background-type":"","background-media":"","overlay-type":"","overlay-color":"","overlay-opacity":"","overlay-gradient":""},"mobile":{"background-color":"","background-image":"","background-repeat":"repeat","background-position":"center center","background-size":"auto","background-attachment":"scroll","background-type":"","background-media":"","overlay-type":"","overlay-color":"","overlay-opacity":"","overlay-gradient":""}},"ast-content-background-meta":{"desktop":{"background-color":"var(--ast-global-color-5)","background-image":"","background-repeat":"repeat","background-position":"center center","background-size":"auto","background-attachment":"scroll","background-type":"","background-media":"","overlay-type":"","overlay-color":"","overlay-opacity":"","overlay-gradient":""},"tablet":{"background-color":"var(--ast-global-color-5)","background-image":"","background-repeat":"repeat","background-position":"center center","background-size":"auto","background-attachment":"scroll","background-type":"","background-media":"","overlay-type":"","overlay-color":"","overlay-opacity":"","overlay-gradient":""},"mobile":{"background-color":"var(--ast-global-color-5)","background-image":"","background-repeat":"repeat","background-position":"center center","background-size":"auto","background-attachment":"scroll","background-type":"","background-media":"","overlay-type":"","overlay-color":"","overlay-opacity":"","overlay-gradient":""}},"footnotes":""},"class_list":["post-565","page","type-page","status-publish","hentry"],"yoast_head":"<!-- This site is optimized with the Yoast SEO plugin v27.2 - https:\/\/yoast.com\/product\/yoast-seo-wordpress\/ -->\n<title>Gesti\u00f3n integral de segundas residencias - Opening Doors<\/title>\n<meta name=\"description\" content=\"Cuidamos tu segunda residencia en Barcelona con servicios personalizados de mantenimiento y servicios de conserjer\u00eda.\" \/>\n<meta name=\"robots\" content=\"index, follow, max-snippet:-1, max-image-preview:large, max-video-preview:-1\" \/>\n<link rel=\"canonical\" href=\"https:\/\/opening-doors.eu\/ca\/serveis-per-a-propietaris\/gestio-integral-de-segones-residencies\/\" \/>\n<meta property=\"og:locale\" content=\"ca_ES\" \/>\n<meta property=\"og:type\" content=\"article\" \/>\n<meta property=\"og:title\" content=\"Gesti\u00f3n integral de segundas residencias - Opening Doors\" \/>\n<meta property=\"og:description\" content=\"Cuidamos tu segunda residencia en Barcelona con servicios personalizados de mantenimiento y servicios de conserjer\u00eda.\" \/>\n<meta property=\"og:url\" content=\"https:\/\/opening-doors.eu\/ca\/serveis-per-a-propietaris\/gestio-integral-de-segones-residencies\/\" \/>\n<meta property=\"og:site_name\" content=\"Opening Doors\" \/>\n<meta property=\"article:modified_time\" content=\"2024-12-01T20:17:30+00:00\" \/>\n<meta property=\"og:image\" content=\"https:\/\/opening-doors.eu\/wp-content\/uploads\/2024\/09\/pexels-ono-kosuki-5974354-683x1024.webp\" \/>\n<meta name=\"twitter:card\" content=\"summary_large_image\" \/>\n<meta name=\"twitter:label1\" content=\"Temps estimat de lectura\" \/>\n\t<meta name=\"twitter:data1\" content=\"1 minut\" \/>\n<script type=\"application\/ld+json\" class=\"yoast-schema-graph\">{\"@context\":\"https:\/\/schema.org\",\"@graph\":[{\"@type\":\"WebPage\",\"@id\":\"https:\/\/opening-doors.eu\/servicios-para-propietarios\/gestion-integral-de-segundas-residencias\/\",\"url\":\"https:\/\/opening-doors.eu\/servicios-para-propietarios\/gestion-integral-de-segundas-residencias\/\",\"name\":\"Gesti\u00f3n integral de segundas residencias - Opening Doors\",\"isPartOf\":{\"@id\":\"https:\/\/opening-doors.eu\/#website\"},\"primaryImageOfPage\":{\"@id\":\"https:\/\/opening-doors.eu\/servicios-para-propietarios\/gestion-integral-de-segundas-residencias\/#primaryimage\"},\"image\":{\"@id\":\"https:\/\/opening-doors.eu\/servicios-para-propietarios\/gestion-integral-de-segundas-residencias\/#primaryimage\"},\"thumbnailUrl\":\"https:\/\/opening-doors.eu\/wp-content\/uploads\/2024\/09\/pexels-ono-kosuki-5974354-683x1024.webp\",\"datePublished\":\"2024-09-20T10:09:53+00:00\",\"dateModified\":\"2024-12-01T20:17:30+00:00\",\"description\":\"Cuidamos tu segunda residencia en Barcelona con servicios personalizados de mantenimiento y servicios de conserjer\u00eda.\",\"breadcrumb\":{\"@id\":\"https:\/\/opening-doors.eu\/servicios-para-propietarios\/gestion-integral-de-segundas-residencias\/#breadcrumb\"},\"inLanguage\":\"ca\",\"potentialAction\":[{\"@type\":\"ReadAction\",\"target\":[\"https:\/\/opening-doors.eu\/servicios-para-propietarios\/gestion-integral-de-segundas-residencias\/\"]}]},{\"@type\":\"ImageObject\",\"inLanguage\":\"ca\",\"@id\":\"https:\/\/opening-doors.eu\/servicios-para-propietarios\/gestion-integral-de-segundas-residencias\/#primaryimage\",\"url\":\"https:\/\/opening-doors.eu\/wp-content\/uploads\/2024\/09\/pexels-ono-kosuki-5974354-683x1024.webp\",\"contentUrl\":\"https:\/\/opening-doors.eu\/wp-content\/uploads\/2024\/09\/pexels-ono-kosuki-5974354-683x1024.webp\"},{\"@type\":\"BreadcrumbList\",\"@id\":\"https:\/\/opening-doors.eu\/servicios-para-propietarios\/gestion-integral-de-segundas-residencias\/#breadcrumb\",\"itemListElement\":[{\"@type\":\"ListItem\",\"position\":1,\"name\":\"Inicio\",\"item\":\"https:\/\/opening-doors.eu\/\"},{\"@type\":\"ListItem\",\"position\":2,\"name\":\"Servicios para propietarios\",\"item\":\"https:\/\/opening-doors.eu\/servicios-para-propietarios\/\"},{\"@type\":\"ListItem\",\"position\":3,\"name\":\"Gesti\u00f3n integral de segundas residencias\"}]},{\"@type\":\"WebSite\",\"@id\":\"https:\/\/opening-doors.eu\/#website\",\"url\":\"https:\/\/opening-doors.eu\/\",\"name\":\"Opening Doors\",\"description\":\"\",\"publisher\":{\"@id\":\"https:\/\/opening-doors.eu\/#organization\"},\"potentialAction\":[{\"@type\":\"SearchAction\",\"target\":{\"@type\":\"EntryPoint\",\"urlTemplate\":\"https:\/\/opening-doors.eu\/?s={search_term_string}\"},\"query-input\":{\"@type\":\"PropertyValueSpecification\",\"valueRequired\":true,\"valueName\":\"search_term_string\"}}],\"inLanguage\":\"ca\"},{\"@type\":\"Organization\",\"@id\":\"https:\/\/opening-doors.eu\/#organization\",\"name\":\"Opening Doors\",\"url\":\"https:\/\/opening-doors.eu\/\",\"logo\":{\"@type\":\"ImageObject\",\"inLanguage\":\"ca\",\"@id\":\"https:\/\/opening-doors.eu\/#\/schema\/logo\/image\/\",\"url\":\"https:\/\/opening-doors.eu\/wp-content\/uploads\/2024\/09\/logo-openingdoors.png\",\"contentUrl\":\"https:\/\/opening-doors.eu\/wp-content\/uploads\/2024\/09\/logo-openingdoors.png\",\"width\":200,\"height\":118,\"caption\":\"Opening Doors\"},\"image\":{\"@id\":\"https:\/\/opening-doors.eu\/#\/schema\/logo\/image\/\"}}]}<\/script>\n<!-- \/ Yoast SEO plugin. -->","yoast_head_json":{"title":"Gesti\u00f3 integral de segones resid\u00e8ncies - Opening Doors","description":"Cuidem la teva segona resid\u00e8ncia a Barcelona amb serveis personalitzats de manteniment i serveis de consergeria.","robots":{"index":"index","follow":"follow","max-snippet":"max-snippet:-1","max-image-preview":"max-image-preview:large","max-video-preview":"max-video-preview:-1"},"canonical":"https:\/\/opening-doors.eu\/ca\/serveis-per-a-propietaris\/gestio-integral-de-segones-residencies\/","og_locale":"ca_ES","og_type":"article","og_title":"Gesti\u00f3n integral de segundas residencias - Opening Doors","og_description":"Cuidamos tu segunda residencia en Barcelona con servicios personalizados de mantenimiento y servicios de conserjer\u00eda.","og_url":"https:\/\/opening-doors.eu\/ca\/serveis-per-a-propietaris\/gestio-integral-de-segones-residencies\/","og_site_name":"Opening Doors","article_modified_time":"2024-12-01T20:17:30+00:00","og_image":[{"url":"https:\/\/opening-doors.eu\/wp-content\/uploads\/2024\/09\/pexels-ono-kosuki-5974354-683x1024.webp","type":"","width":"","height":""}],"twitter_card":"summary_large_image","twitter_misc":{"Temps estimat de lectura":"1 minut"},"schema":{"@context":"https:\/\/schema.org","@graph":[{"@type":"WebPage","@id":"https:\/\/opening-doors.eu\/servicios-para-propietarios\/gestion-integral-de-segundas-residencias\/","url":"https:\/\/opening-doors.eu\/servicios-para-propietarios\/gestion-integral-de-segundas-residencias\/","name":"Gesti\u00f3 integral de segones resid\u00e8ncies - Opening Doors","isPartOf":{"@id":"https:\/\/opening-doors.eu\/#website"},"primaryImageOfPage":{"@id":"https:\/\/opening-doors.eu\/servicios-para-propietarios\/gestion-integral-de-segundas-residencias\/#primaryimage"},"image":{"@id":"https:\/\/opening-doors.eu\/servicios-para-propietarios\/gestion-integral-de-segundas-residencias\/#primaryimage"},"thumbnailUrl":"https:\/\/opening-doors.eu\/wp-content\/uploads\/2024\/09\/pexels-ono-kosuki-5974354-683x1024.webp","datePublished":"2024-09-20T10:09:53+00:00","dateModified":"2024-12-01T20:17:30+00:00","description":"Cuidem la teva segona resid\u00e8ncia a Barcelona amb serveis personalitzats de manteniment i serveis de consergeria.","breadcrumb":{"@id":"https:\/\/opening-doors.eu\/servicios-para-propietarios\/gestion-integral-de-segundas-residencias\/#breadcrumb"},"inLanguage":"ca","potentialAction":[{"@type":"ReadAction","target":["https:\/\/opening-doors.eu\/servicios-para-propietarios\/gestion-integral-de-segundas-residencias\/"]}]},{"@type":"ImageObject","inLanguage":"ca","@id":"https:\/\/opening-doors.eu\/servicios-para-propietarios\/gestion-integral-de-segundas-residencias\/#primaryimage","url":"https:\/\/opening-doors.eu\/wp-content\/uploads\/2024\/09\/pexels-ono-kosuki-5974354-683x1024.webp","contentUrl":"https:\/\/opening-doors.eu\/wp-content\/uploads\/2024\/09\/pexels-ono-kosuki-5974354-683x1024.webp"},{"@type":"BreadcrumbList","@id":"https:\/\/opening-doors.eu\/servicios-para-propietarios\/gestion-integral-de-segundas-residencias\/#breadcrumb","itemListElement":[{"@type":"ListItem","position":1,"name":"Inicio","item":"https:\/\/opening-doors.eu\/"},{"@type":"ListItem","position":2,"name":"Servicios para propietarios","item":"https:\/\/opening-doors.eu\/servicios-para-propietarios\/"},{"@type":"ListItem","position":3,"name":"Gesti\u00f3n integral de segundas residencias"}]},{"@type":"WebSite","@id":"https:\/\/opening-doors.eu\/#website","url":"https:\/\/opening-doors.eu\/","name":"Opening Doors","description":"","publisher":{"@id":"https:\/\/opening-doors.eu\/#organization"},"potentialAction":[{"@type":"SearchAction","target":{"@type":"EntryPoint","urlTemplate":"https:\/\/opening-doors.eu\/?s={search_term_string}"},"query-input":{"@type":"PropertyValueSpecification","valueRequired":true,"valueName":"search_term_string"}}],"inLanguage":"ca"},{"@type":"Organization","@id":"https:\/\/opening-doors.eu\/#organization","name":"Opening Doors","url":"https:\/\/opening-doors.eu\/","logo":{"@type":"ImageObject","inLanguage":"ca","@id":"https:\/\/opening-doors.eu\/#\/schema\/logo\/image\/","url":"https:\/\/opening-doors.eu\/wp-content\/uploads\/2024\/09\/logo-openingdoors.png","contentUrl":"https:\/\/opening-doors.eu\/wp-content\/uploads\/2024\/09\/logo-openingdoors.png","width":200,"height":118,"caption":"Opening Doors"},"image":{"@id":"https:\/\/opening-doors.eu\/#\/schema\/logo\/image\/"}}]}},"uagb_featured_image_src":{"full":false,"thumbnail":false,"medium":false,"medium_large":false,"large":false,"1536x1536":false,"2048x2048":false,"trp-custom-language-flag":false},"uagb_author_info":{"display_name":"mondo","author_link":"https:\/\/opening-doors.eu\/ca\/author\/mondo\/"},"uagb_comment_info":0,"uagb_excerpt":"Gesti\u00f3n integral de segundas residencias Mantenimiento de propiedades Nos encargamos tanto del mantenimiento preventivo y programado como de la atenci\u00f3n [&hellip;]","_links":{"self":[{"href":"https:\/\/opening-doors.eu\/ca\/wp-json\/wp\/v2\/pages\/565","targetHints":{"allow":["GET"]}}],"collection":[{"href":"https:\/\/opening-doors.eu\/ca\/wp-json\/wp\/v2\/pages"}],"about":[{"href":"https:\/\/opening-doors.eu\/ca\/wp-json\/wp\/v2\/types\/page"}],"author":[{"embeddable":true,"href":"https:\/\/opening-doors.eu\/ca\/wp-json\/wp\/v2\/users\/1"}],"replies":[{"embeddable":true,"href":"https:\/\/opening-doors.eu\/ca\/wp-json\/wp\/v2\/comments?post=565"}],"version-history":[{"count":86,"href":"https:\/\/opening-doors.eu\/ca\/wp-json\/wp\/v2\/pages\/565\/revisions"}],"predecessor-version":[{"id":6982,"href":"https:\/\/opening-doors.eu\/ca\/wp-json\/wp\/v2\/pages\/565\/revisions\/6982"}],"up":[{"embeddable":true,"href":"https:\/\/opening-doors.eu\/ca\/wp-json\/wp\/v2\/pages\/376"}],"wp:attachment":[{"href":"https:\/\/opening-doors.eu\/ca\/wp-json\/wp\/v2\/media?parent=565"}],"curies":[{"name":"wp","href":"https:\/\/api.w.org\/{rel}","templated":true}]}}