{"id":2063,"date":"2024-09-28T09:40:32","date_gmt":"2024-09-28T09:40:32","guid":{"rendered":"https:\/\/opening-doors.eu\/?page_id=2063"},"modified":"2024-12-04T19:09:45","modified_gmt":"2024-12-04T19:09:45","slug":"concierge-service","status":"publish","type":"page","link":"https:\/\/opening-doors.eu\/en\/services-for-owners\/integrated-management-of-second-homes\/concierge-service\/","title":{"rendered":"Concierge service"},"content":{"rendered":"<div class=\"wp-block-uagb-container uagb-block-f841cf80 alignfull uagb-is-root-container\"><div class=\"uagb-container-inner-blocks-wrap\"><div class=\"yoast-breadcrumbs\"><span><span><a href=\"https:\/\/opening-doors.eu\/en\/\">Home<\/a><\/span> \u00bb <span><a href=\"https:\/\/opening-doors.eu\/en\/services-for-owners\/\">Services for homeowners<\/a><\/span> \u00bb <span><a href=\"https:\/\/opening-doors.eu\/en\/services-for-owners\/integrated-management-of-second-homes\/\">Integrated management of second homes<\/a><\/span> \u00bb <span class=\"breadcrumb_last\" aria-current=\"page\">Concierge service<\/span><\/span><\/div>\n\n\n<div class=\"wp-block-uagb-container uagb-block-01a3846f\">\n<div class=\"wp-block-uagb-advanced-heading uagb-block-3af4fa5a\"><h1 class=\"uagb-heading-text\">Concierge service<\/h1><\/div>\n<\/div>\n<\/div><\/div>\n\n\n\n<div class=\"wp-block-uagb-container uagb-block-68b54827 alignfull uagb-is-root-container\"><div class=\"uagb-container-inner-blocks-wrap\">\n<div class=\"wp-block-uagb-container uagb-block-25e56d56\">\n<div class=\"wp-block-uagb-advanced-heading uagb-block-303cceb7\"><h2 class=\"uagb-heading-text\">Pre-arrival assistance<\/h2><\/div>\n\n\n\n<div class=\"wp-block-uagb-advanced-heading uagb-block-016c688d\"><p class=\"uagb-heading-text\">Preparation of the property: rooms, toilets, perfumed rooms, fresh flowers and courtesy details. Management and delivery of the welcome purchase. Provisioning of the home.<\/p><\/div>\n<\/div>\n\n\n\n<div class=\"wp-block-uagb-container uagb-block-da2df0b1\"><\/div>\n<\/div><\/div>\n\n\n\n<div class=\"wp-block-uagb-container uagb-block-612697c0 alignfull uagb-is-root-container\"><div class=\"uagb-container-inner-blocks-wrap\">\n<div class=\"wp-block-uagb-container uagb-block-3e7bdf0c\"><\/div>\n\n\n\n<div class=\"wp-block-uagb-container uagb-block-9b0e1892\">\n<div class=\"wp-block-uagb-advanced-heading uagb-block-67841802\"><h2 class=\"uagb-heading-text\">Agreed services<\/h2><\/div>\n\n\n\n<div class=\"wp-block-uagb-advanced-heading uagb-block-3f19aa78\"><p class=\"uagb-heading-text\">Hiring of domestic services: cleaning staff, babysitter, cook, butler, nurse, pet walker, school support, etc. Hiring of newspapers with home delivery. Car hire with or without chauffeur.<\/p><\/div>\n<\/div>\n<\/div><\/div>\n\n\n\n<div class=\"wp-block-uagb-container uagb-block-d0b2a3a8 alignfull uagb-is-root-container\"><div class=\"uagb-container-inner-blocks-wrap\">\n<div class=\"wp-block-uagb-container uagb-block-c8b9dd80\">\n<div class=\"wp-block-uagb-advanced-heading uagb-block-3b7cbdf0\"><h2 class=\"uagb-heading-text\">Reception<\/h2><\/div>\n\n\n\n<div class=\"wp-block-uagb-advanced-heading uagb-block-95b88981\"><p class=\"uagb-heading-text\">Pick up of guests: transfers in &amp; out. Handing over of keys. Welcome breakfast. Travel incident management: medical assistance to travellers, lost luggage and flight cancellations.<\/p><\/div>\n<\/div>\n\n\n\n<div class=\"wp-block-uagb-container uagb-block-1ef2dfcc\"><\/div>\n<\/div><\/div>\n\n\n\n<div class=\"wp-block-uagb-container uagb-block-f1928432 alignfull uagb-is-root-container\"><div class=\"uagb-container-inner-blocks-wrap\">\n<div class=\"wp-block-uagb-container uagb-block-85bbed0f\"><\/div>\n\n\n\n<div class=\"wp-block-uagb-container uagb-block-aaae4c72\">\n<div class=\"wp-block-uagb-advanced-heading uagb-block-86a404af\"><h2 class=\"uagb-heading-text\">Removals and removals<\/h2><\/div>\n\n\n\n<div class=\"wp-block-uagb-advanced-heading uagb-block-104ab706\"><p class=\"uagb-heading-text\">Transfer planning.<\/p><\/div>\n<\/div>\n<\/div><\/div>\n\n\n\n<div class=\"wp-block-uagb-container uagb-block-a718c96e alignfull uagb-is-root-container\"><div class=\"uagb-container-inner-blocks-wrap\">\n<div class=\"wp-block-uagb-container uagb-block-244e9340\">\n<div class=\"wp-block-uagb-advanced-heading uagb-block-f66f9353\"><h2 class=\"uagb-heading-text\">Write to us and we will get back to you as soon as possible.<\/h2><\/div>\n\n\n\n<div class=\"wp-block-uagb-info-box uagb-block-5002785a uagb-infobox__content-wrap  uagb-infobox-icon-left-title uagb-infobox-left uagb-infobox-image-valign-top wp-block-uagb-info-box--has-margin contact-box\"><div class=\"uagb-infobox-margin-wrapper\"><div class=\"uagb-ifb-content\"><div class=\"uagb-ifb-left-title-image\"><div class=\"uagb-ifb-image-content\"><img decoding=\"async\" src=\"https:\/\/opening-doors.eu\/wp-content\/uploads\/2024\/09\/Vector.png\" alt=\"\" width=\"\" height=\"0\" loading=\"lazy\"\/><\/div><div class=\"uagb-ifb-title-wrap\"><h3 class=\"uagb-ifb-title\">E-mail address<\/h3><\/div><\/div><p class=\"uagb-ifb-desc\">&nbsp;<a href=\"mailto:info@opening-doors.eu\">info@opening-doors.eu<\/a><\/p><\/div><\/div><\/div>\n\n\n\n<div class=\"wp-block-uagb-info-box uagb-block-8cfc8dbe uagb-infobox__content-wrap  uagb-infobox-icon-left-title uagb-infobox-left uagb-infobox-image-valign-top wp-block-uagb-info-box--has-margin\"><div class=\"uagb-infobox-margin-wrapper\"><div class=\"uagb-ifb-content\"><div class=\"uagb-ifb-left-title-image\"><div class=\"uagb-ifb-image-content\"><img decoding=\"async\" src=\"https:\/\/opening-doors.eu\/wp-content\/uploads\/2024\/09\/Vector-1.png\" alt=\"\" width=\"\" height=\"0\" loading=\"lazy\"\/><\/div><div class=\"uagb-ifb-title-wrap\"><h3 class=\"uagb-ifb-title\">Telephone<\/h3><\/div><\/div><p class=\"uagb-ifb-desc\">\u00a0<a href=\"tel:+34669885039\">(+34) 669 885 039<\/a><\/p><\/div><\/div><\/div>\n<\/div>\n\n\n\n<div class=\"wp-block-uagb-container uagb-block-48bea9a0\">\n<div class=\"wp-block-contact-form-7-contact-form-selector\">\n<div class=\"wpcf7 no-js\" id=\"wpcf7-f214-o1\" lang=\"es-ES\" dir=\"ltr\" data-wpcf7-id=\"214\">\n<div class=\"screen-reader-response\"><p role=\"status\" aria-live=\"polite\" aria-atomic=\"true\"><\/p> <ul><\/ul><\/div>\n<form action=\"\/en\/wp-json\/wp\/v2\/pages\/2063#wpcf7-f214-o1\" method=\"post\" class=\"wpcf7-form init\" aria-label=\"Contact form\" novalidate=\"novalidate\" data-status=\"init\" data-trp-original-action=\"\/en\/wp-json\/wp\/v2\/pages\/2063#wpcf7-f214-o1\">\n<fieldset class=\"hidden-fields-container\"><input type=\"hidden\" name=\"_wpcf7\" value=\"214\" \/><input type=\"hidden\" name=\"_wpcf7_version\" value=\"6.1.5\" \/><input type=\"hidden\" name=\"_wpcf7_locale\" value=\"es_ES\" \/><input type=\"hidden\" name=\"_wpcf7_unit_tag\" value=\"wpcf7-f214-o1\" \/><input type=\"hidden\" name=\"_wpcf7_container_post\" value=\"0\" \/><input type=\"hidden\" name=\"_wpcf7_posted_data_hash\" value=\"\" \/><input type=\"hidden\" name=\"_wpcf7_recaptcha_response\" value=\"\" \/>\n<\/fieldset>\n<div class=\"form p campo-name\">\n\t<p><label class=\"campo-formulario\"> <span class=\"sr-only\">Name *<\/span> <span class=\"wpcf7-form-control-wrap\" data-name=\"your-name\"><input size=\"40\" maxlength=\"400\" class=\"wpcf7-form-control wpcf7-text wpcf7-validates-as-required\" autocomplete=\"nombre\" aria-required=\"true\" aria-invalid=\"false\" placeholder=\"Name *\" value=\"\" type=\"text\" name=\"your-name\" \/><\/span><br \/>\n<\/label>\n\t<\/p>\n<\/div>\n<div class=\"form p campo-phone\">\n\t<p><label class=\"campo-formulario\"> <span class=\"sr-only\">Telephone<\/span><br \/>\n<span class=\"wpcf7-form-control-wrap\" data-name=\"your-subject\"><input size=\"40\" maxlength=\"400\" class=\"wpcf7-form-control wpcf7-tel wpcf7-validates-as-required wpcf7-text wpcf7-validates-as-tel\" autocomplete=\"asunto\" aria-required=\"true\" aria-invalid=\"false\" placeholder=\"Telephone\" value=\"\" type=\"tel\" name=\"your-subject\" \/><\/span><br \/>\n<\/label>\n\t<\/p>\n<\/div>\n<div class=\"form p campo-email\">\n\t<p><label class=\"campo-formulario\"> <span class=\"sr-only\">E-mail address<\/span><br \/>\n<span class=\"wpcf7-form-control-wrap\" data-name=\"your-email\"><input size=\"40\" maxlength=\"400\" class=\"wpcf7-form-control wpcf7-email wpcf7-validates-as-required wpcf7-text wpcf7-validates-as-email\" autocomplete=\"correo\" aria-required=\"true\" aria-invalid=\"false\" placeholder=\"Email *\" value=\"\" type=\"email\" name=\"your-email\" \/><\/span><br \/>\n<\/label>\n\t<\/p>\n<\/div>\n<p><label class=\"campo-formulario\"> <span class=\"sr-only\">Message *<\/span><br \/>\n<span class=\"wpcf7-form-control-wrap\" data-name=\"your-message\"><textarea cols=\"40\" rows=\"10\" maxlength=\"2000\" class=\"wpcf7-form-control wpcf7-textarea\" autocomplete=\"mensaje\" aria-invalid=\"false\" placeholder=\"Message *\" name=\"your-message\"><\/textarea><\/span><br \/>\n<\/label>\n<\/p>\n<div class=\"form p campo-privacy\">\n\t<p><label class=\"privacidad-formulario\"><br \/>\n<span class=\"wpcf7-form-control-wrap\" data-name=\"politica-privacidad\"><span class=\"wpcf7-form-control wpcf7-acceptance\"><span class=\"wpcf7-list-item\"><label><input type=\"checkbox\" name=\"politica-privacidad\" value=\"1\" aria-invalid=\"false\" \/><span class=\"wpcf7-list-item-label\">I have read and accept the <a href=\"https:\/\/opening-doors.eu\/en\/privacy-policy\/\" target=\"_blank\">Privacy Policy<\/a><\/span><\/label><\/span><\/span><\/span><br \/>\n<\/label>\n\t<\/p>\n<\/div>\n<p><input class=\"wpcf7-form-control wpcf7-submit has-spinner\" type=\"submit\" value=\"Send\" \/>\n<\/p><div class=\"wpcf7-response-output\" aria-hidden=\"true\"><\/div>\n<input type=\"hidden\" name=\"trp-form-language\" value=\"en\"\/><\/form>\n<\/div>\n<\/div>\n<\/div>\n<\/div><\/div>","protected":false},"excerpt":{"rendered":"<p>Servicio de conserjer\u00eda Asistencia pre-llegada Preparaci\u00f3n de la propiedad: habitaciones, aseos, ambientes perfumados, flores frescas y detalles de cortes\u00eda. Gesti\u00f3n [&hellip;]<\/p>\n","protected":false},"author":1,"featured_media":0,"parent":565,"menu_order":0,"comment_status":"closed","ping_status":"closed","template":"","meta":{"_uag_custom_page_level_css":"","site-sidebar-layout":"default","site-content-layout":"","ast-site-content-layout":"default","site-content-style":"default","site-sidebar-style":"default","ast-global-header-display":"","ast-banner-title-visibility":"","ast-main-header-display":"","ast-hfb-above-header-display":"","ast-hfb-below-header-display":"","ast-hfb-mobile-header-display":"","site-post-title":"disabled","ast-breadcrumbs-content":"","ast-featured-img":"","footer-sml-layout":"","ast-disable-related-posts":"","theme-transparent-header-meta":"","adv-header-id-meta":"","stick-header-meta":"","header-above-stick-meta":"","header-main-stick-meta":"","header-below-stick-meta":"","astra-migrate-meta-layouts":"default","ast-page-background-enabled":"default","ast-page-background-meta":{"desktop":{"background-color":"var(--ast-global-color-4)","background-image":"","background-repeat":"repeat","background-position":"center center","background-size":"auto","background-attachment":"scroll","background-type":"","background-media":"","overlay-type":"","overlay-color":"","overlay-opacity":"","overlay-gradient":""},"tablet":{"background-color":"","background-image":"","background-repeat":"repeat","background-position":"center center","background-size":"auto","background-attachment":"scroll","background-type":"","background-media":"","overlay-type":"","overlay-color":"","overlay-opacity":"","overlay-gradient":""},"mobile":{"background-color":"","background-image":"","background-repeat":"repeat","background-position":"center center","background-size":"auto","background-attachment":"scroll","background-type":"","background-media":"","overlay-type":"","overlay-color":"","overlay-opacity":"","overlay-gradient":""}},"ast-content-background-meta":{"desktop":{"background-color":"var(--ast-global-color-5)","background-image":"","background-repeat":"repeat","background-position":"center center","background-size":"auto","background-attachment":"scroll","background-type":"","background-media":"","overlay-type":"","overlay-color":"","overlay-opacity":"","overlay-gradient":""},"tablet":{"background-color":"var(--ast-global-color-5)","background-image":"","background-repeat":"repeat","background-position":"center center","background-size":"auto","background-attachment":"scroll","background-type":"","background-media":"","overlay-type":"","overlay-color":"","overlay-opacity":"","overlay-gradient":""},"mobile":{"background-color":"var(--ast-global-color-5)","background-image":"","background-repeat":"repeat","background-position":"center center","background-size":"auto","background-attachment":"scroll","background-type":"","background-media":"","overlay-type":"","overlay-color":"","overlay-opacity":"","overlay-gradient":""}},"footnotes":""},"class_list":["post-2063","page","type-page","status-publish","hentry"],"yoast_head":"<!-- This site is optimized with the Yoast SEO plugin v27.2 - https:\/\/yoast.com\/product\/yoast-seo-wordpress\/ -->\n<title>Servicio de conserjer\u00eda - Opening Doors<\/title>\n<meta name=\"description\" content=\"Disfruta de asistencia personalizada para tu segunda residencia en Barcelona. Nos encargamos de cada detalle para tu comodidad y tranquilidad.\" \/>\n<meta name=\"robots\" content=\"index, follow, max-snippet:-1, max-image-preview:large, max-video-preview:-1\" \/>\n<link rel=\"canonical\" href=\"https:\/\/opening-doors.eu\/en\/services-for-owners\/integrated-management-of-second-homes\/concierge-service\/\" \/>\n<meta property=\"og:locale\" content=\"en_GB\" \/>\n<meta property=\"og:type\" content=\"article\" \/>\n<meta property=\"og:title\" content=\"Servicio de conserjer\u00eda - Opening Doors\" \/>\n<meta property=\"og:description\" content=\"Disfruta de asistencia personalizada para tu segunda residencia en Barcelona. Nos encargamos de cada detalle para tu comodidad y tranquilidad.\" \/>\n<meta property=\"og:url\" content=\"https:\/\/opening-doors.eu\/en\/services-for-owners\/integrated-management-of-second-homes\/concierge-service\/\" \/>\n<meta property=\"og:site_name\" content=\"Opening Doors\" \/>\n<meta property=\"article:modified_time\" content=\"2024-12-04T19:09:45+00:00\" \/>\n<meta name=\"twitter:card\" content=\"summary_large_image\" \/>\n<meta name=\"twitter:label1\" content=\"Estimated reading time\" \/>\n\t<meta name=\"twitter:data1\" content=\"1 minute\" \/>\n<script type=\"application\/ld+json\" class=\"yoast-schema-graph\">{\"@context\":\"https:\/\/schema.org\",\"@graph\":[{\"@type\":\"WebPage\",\"@id\":\"https:\/\/opening-doors.eu\/servicios-para-propietarios\/gestion-integral-de-segundas-residencias\/servicio-de-conserjeria\/\",\"url\":\"https:\/\/opening-doors.eu\/servicios-para-propietarios\/gestion-integral-de-segundas-residencias\/servicio-de-conserjeria\/\",\"name\":\"Servicio de conserjer\u00eda - Opening Doors\",\"isPartOf\":{\"@id\":\"https:\/\/opening-doors.eu\/#website\"},\"datePublished\":\"2024-09-28T09:40:32+00:00\",\"dateModified\":\"2024-12-04T19:09:45+00:00\",\"description\":\"Disfruta de asistencia personalizada para tu segunda residencia en Barcelona. Nos encargamos de cada detalle para tu comodidad y tranquilidad.\",\"breadcrumb\":{\"@id\":\"https:\/\/opening-doors.eu\/servicios-para-propietarios\/gestion-integral-de-segundas-residencias\/servicio-de-conserjeria\/#breadcrumb\"},\"inLanguage\":\"en-GB\",\"potentialAction\":[{\"@type\":\"ReadAction\",\"target\":[\"https:\/\/opening-doors.eu\/servicios-para-propietarios\/gestion-integral-de-segundas-residencias\/servicio-de-conserjeria\/\"]}]},{\"@type\":\"BreadcrumbList\",\"@id\":\"https:\/\/opening-doors.eu\/servicios-para-propietarios\/gestion-integral-de-segundas-residencias\/servicio-de-conserjeria\/#breadcrumb\",\"itemListElement\":[{\"@type\":\"ListItem\",\"position\":1,\"name\":\"Inicio\",\"item\":\"https:\/\/opening-doors.eu\/\"},{\"@type\":\"ListItem\",\"position\":2,\"name\":\"Servicios para propietarios\",\"item\":\"https:\/\/opening-doors.eu\/servicios-para-propietarios\/\"},{\"@type\":\"ListItem\",\"position\":3,\"name\":\"Gesti\u00f3n integral de segundas residencias\",\"item\":\"https:\/\/opening-doors.eu\/servicios-para-propietarios\/gestion-integral-de-segundas-residencias\/\"},{\"@type\":\"ListItem\",\"position\":4,\"name\":\"Servicio de conserjer\u00eda\"}]},{\"@type\":\"WebSite\",\"@id\":\"https:\/\/opening-doors.eu\/#website\",\"url\":\"https:\/\/opening-doors.eu\/\",\"name\":\"Opening Doors\",\"description\":\"\",\"publisher\":{\"@id\":\"https:\/\/opening-doors.eu\/#organization\"},\"potentialAction\":[{\"@type\":\"SearchAction\",\"target\":{\"@type\":\"EntryPoint\",\"urlTemplate\":\"https:\/\/opening-doors.eu\/?s={search_term_string}\"},\"query-input\":{\"@type\":\"PropertyValueSpecification\",\"valueRequired\":true,\"valueName\":\"search_term_string\"}}],\"inLanguage\":\"en-GB\"},{\"@type\":\"Organization\",\"@id\":\"https:\/\/opening-doors.eu\/#organization\",\"name\":\"Opening Doors\",\"url\":\"https:\/\/opening-doors.eu\/\",\"logo\":{\"@type\":\"ImageObject\",\"inLanguage\":\"en-GB\",\"@id\":\"https:\/\/opening-doors.eu\/#\/schema\/logo\/image\/\",\"url\":\"https:\/\/opening-doors.eu\/wp-content\/uploads\/2026\/04\/logo_OD_web_02.png\",\"contentUrl\":\"https:\/\/opening-doors.eu\/wp-content\/uploads\/2026\/04\/logo_OD_web_02.png\",\"width\":215,\"height\":108,\"caption\":\"Opening Doors\"},\"image\":{\"@id\":\"https:\/\/opening-doors.eu\/#\/schema\/logo\/image\/\"}}]}<\/script>\n<!-- \/ Yoast SEO plugin. -->","yoast_head_json":{"title":"Concierge service - Opening Doors","description":"Enjoy personalized assistance for your second home in Barcelona. We take care of every detail for your comfort and peace of mind.","robots":{"index":"index","follow":"follow","max-snippet":"max-snippet:-1","max-image-preview":"max-image-preview:large","max-video-preview":"max-video-preview:-1"},"canonical":"https:\/\/opening-doors.eu\/en\/services-for-owners\/integrated-management-of-second-homes\/concierge-service\/","og_locale":"en_GB","og_type":"article","og_title":"Servicio de conserjer\u00eda - Opening Doors","og_description":"Disfruta de asistencia personalizada para tu segunda residencia en Barcelona. Nos encargamos de cada detalle para tu comodidad y tranquilidad.","og_url":"https:\/\/opening-doors.eu\/en\/services-for-owners\/integrated-management-of-second-homes\/concierge-service\/","og_site_name":"Opening Doors","article_modified_time":"2024-12-04T19:09:45+00:00","twitter_card":"summary_large_image","twitter_misc":{"Estimated reading time":"1 minute"},"schema":{"@context":"https:\/\/schema.org","@graph":[{"@type":"WebPage","@id":"https:\/\/opening-doors.eu\/servicios-para-propietarios\/gestion-integral-de-segundas-residencias\/servicio-de-conserjeria\/","url":"https:\/\/opening-doors.eu\/servicios-para-propietarios\/gestion-integral-de-segundas-residencias\/servicio-de-conserjeria\/","name":"Concierge service - Opening Doors","isPartOf":{"@id":"https:\/\/opening-doors.eu\/#website"},"datePublished":"2024-09-28T09:40:32+00:00","dateModified":"2024-12-04T19:09:45+00:00","description":"Enjoy personalized assistance for your second home in Barcelona. We take care of every detail for your comfort and peace of mind.","breadcrumb":{"@id":"https:\/\/opening-doors.eu\/servicios-para-propietarios\/gestion-integral-de-segundas-residencias\/servicio-de-conserjeria\/#breadcrumb"},"inLanguage":"en-GB","potentialAction":[{"@type":"ReadAction","target":["https:\/\/opening-doors.eu\/servicios-para-propietarios\/gestion-integral-de-segundas-residencias\/servicio-de-conserjeria\/"]}]},{"@type":"BreadcrumbList","@id":"https:\/\/opening-doors.eu\/servicios-para-propietarios\/gestion-integral-de-segundas-residencias\/servicio-de-conserjeria\/#breadcrumb","itemListElement":[{"@type":"ListItem","position":1,"name":"Inicio","item":"https:\/\/opening-doors.eu\/"},{"@type":"ListItem","position":2,"name":"Servicios para propietarios","item":"https:\/\/opening-doors.eu\/servicios-para-propietarios\/"},{"@type":"ListItem","position":3,"name":"Gesti\u00f3n integral de segundas residencias","item":"https:\/\/opening-doors.eu\/servicios-para-propietarios\/gestion-integral-de-segundas-residencias\/"},{"@type":"ListItem","position":4,"name":"Servicio de conserjer\u00eda"}]},{"@type":"WebSite","@id":"https:\/\/opening-doors.eu\/#website","url":"https:\/\/opening-doors.eu\/","name":"Opening Doors","description":"","publisher":{"@id":"https:\/\/opening-doors.eu\/#organization"},"potentialAction":[{"@type":"SearchAction","target":{"@type":"EntryPoint","urlTemplate":"https:\/\/opening-doors.eu\/?s={search_term_string}"},"query-input":{"@type":"PropertyValueSpecification","valueRequired":true,"valueName":"search_term_string"}}],"inLanguage":"en-GB"},{"@type":"Organization","@id":"https:\/\/opening-doors.eu\/#organization","name":"Opening Doors","url":"https:\/\/opening-doors.eu\/","logo":{"@type":"ImageObject","inLanguage":"en-GB","@id":"https:\/\/opening-doors.eu\/#\/schema\/logo\/image\/","url":"https:\/\/opening-doors.eu\/wp-content\/uploads\/2026\/04\/logo_OD_web_02.png","contentUrl":"https:\/\/opening-doors.eu\/wp-content\/uploads\/2026\/04\/logo_OD_web_02.png","width":215,"height":108,"caption":"Opening Doors"},"image":{"@id":"https:\/\/opening-doors.eu\/#\/schema\/logo\/image\/"}}]}},"uagb_featured_image_src":{"full":false,"thumbnail":false,"medium":false,"medium_large":false,"large":false,"1536x1536":false,"2048x2048":false,"trp-custom-language-flag":false},"uagb_author_info":{"display_name":"mondo","author_link":"https:\/\/opening-doors.eu\/en\/author\/mondo\/"},"uagb_comment_info":0,"uagb_excerpt":"Servicio de conserjer\u00eda Asistencia pre-llegada Preparaci\u00f3n de la propiedad: habitaciones, aseos, ambientes perfumados, flores frescas y detalles de cortes\u00eda. Gesti\u00f3n [&hellip;]","_links":{"self":[{"href":"https:\/\/opening-doors.eu\/en\/wp-json\/wp\/v2\/pages\/2063","targetHints":{"allow":["GET"]}}],"collection":[{"href":"https:\/\/opening-doors.eu\/en\/wp-json\/wp\/v2\/pages"}],"about":[{"href":"https:\/\/opening-doors.eu\/en\/wp-json\/wp\/v2\/types\/page"}],"author":[{"embeddable":true,"href":"https:\/\/opening-doors.eu\/en\/wp-json\/wp\/v2\/users\/1"}],"replies":[{"embeddable":true,"href":"https:\/\/opening-doors.eu\/en\/wp-json\/wp\/v2\/comments?post=2063"}],"version-history":[{"count":38,"href":"https:\/\/opening-doors.eu\/en\/wp-json\/wp\/v2\/pages\/2063\/revisions"}],"predecessor-version":[{"id":4461,"href":"https:\/\/opening-doors.eu\/en\/wp-json\/wp\/v2\/pages\/2063\/revisions\/4461"}],"up":[{"embeddable":true,"href":"https:\/\/opening-doors.eu\/en\/wp-json\/wp\/v2\/pages\/565"}],"wp:attachment":[{"href":"https:\/\/opening-doors.eu\/en\/wp-json\/wp\/v2\/media?parent=2063"}],"curies":[{"name":"wp","href":"https:\/\/api.w.org\/{rel}","templated":true}]}}