{"id":368,"date":"2024-09-16T14:19:44","date_gmt":"2024-09-16T14:19:44","guid":{"rendered":"https:\/\/opening-doors.eu\/?page_id=368"},"modified":"2026-03-27T11:22:16","modified_gmt":"2026-03-27T11:22:16","slug":"holiday-home-rentals","status":"publish","type":"page","link":"https:\/\/opening-doors.eu\/en\/flat-rentals\/holiday-home-rentals\/","title":{"rendered":"Holiday home rentals"},"content":{"rendered":"<div class=\"wp-block-uagb-container uagb-block-f841cf80 alignfull uagb-is-root-container\"><div class=\"uagb-container-inner-blocks-wrap\">\n<div class=\"wp-block-uagb-container uagb-block-01a3846f\">\n<div class=\"wp-block-uagb-advanced-heading uagb-block-3af4fa5a\"><h1 class=\"uagb-heading-text\">Holiday home rentals<\/h1><\/div>\n<\/div>\n\n\n\n<div class=\"wp-block-uagb-container uagb-block-02717772\">\n<div class=\"wp-block-uagb-advanced-heading uagb-block-3f156296 h2-title\"><p class=\"uagb-heading-text\"><strong>Fully furnished and equipped flats, houses and villas in Catalonia for rent for days or weeks.<\/strong><\/p><\/div>\n\n\n\n<p class=\"has-text-align-center has-ast-global-color-7-color has-text-color has-link-color wp-elements-f0fd05fd16bf6904557c36ee1815084e\">&nbsp;<strong>And now enjoy an extra 10% discount using the code: DIRECT10<em>&nbsp;(*<\/em>)<\/strong><\/p>\n<\/div>\n<\/div><\/div>\n\n\n\n<div class=\"wp-block-uagb-container uagb-block-343a1a3b alignfull uagb-is-root-container\"><div class=\"uagb-container-inner-blocks-wrap\">\n<div class=\"wp-block-uagb-container uagb-block-e21e9a0b\">\n<div class=\"wp-block-uagb-info-box uagb-block-c2cce3c0 uagb-infobox__content-wrap  uagb-infobox-icon-above-title uagb-infobox-image-valign-top\"><div class=\"uagb-ifb-content\"><div class=\"uagb-ifb-image-content\"><img decoding=\"async\" src=\"https:\/\/opening-doors.eu\/wp-content\/uploads\/2024\/09\/mejor-precio-garantizado.png\" alt=\"\" width=\"\" height=\"0\" loading=\"lazy\"\/><\/div><div class=\"uagb-ifb-title-wrap\"><h3 class=\"uagb-ifb-title\">Best Price Guarantee<\/h3><\/div><p class=\"uagb-ifb-desc\">You won&#039;t find a lower price on any platform. And now you can also enjoy a <strong>10% extra discount<\/strong><br>with the code: <strong>DIRECT10<\/strong><em>  (*<\/em>)<\/p><\/div><\/div>\n<\/div>\n\n\n\n<div class=\"wp-block-uagb-container uagb-block-d9516021\">\n<div class=\"wp-block-uagb-info-box uagb-block-00c9b8cc uagb-infobox__content-wrap  uagb-infobox-icon-above-title uagb-infobox-image-valign-top\"><div class=\"uagb-ifb-content\"><div class=\"uagb-ifb-image-content\"><img decoding=\"async\" src=\"https:\/\/opening-doors.eu\/wp-content\/uploads\/2024\/09\/flexibilidad-en-tus-reservas.png\" alt=\"\" width=\"\" height=\"0\" loading=\"lazy\"\/><\/div><div class=\"uagb-ifb-title-wrap\"><h3 class=\"uagb-ifb-title\">Flexibility in your bookings<\/h3><\/div><p class=\"uagb-ifb-desc\">Free date changes and refund 100% up to 5 days before your ticket.<\/p><\/div><\/div>\n<\/div>\n\n\n\n<div class=\"wp-block-uagb-container uagb-block-7508ef81\">\n<div class=\"wp-block-uagb-info-box uagb-block-3b68d915 uagb-infobox__content-wrap  uagb-infobox-icon-above-title uagb-infobox-image-valign-top\"><div class=\"uagb-ifb-content\"><div class=\"uagb-ifb-image-content\"><img decoding=\"async\" src=\"https:\/\/opening-doors.eu\/wp-content\/uploads\/2024\/09\/atencion-personalizada.png\" alt=\"\" width=\"\" height=\"0\" loading=\"lazy\"\/><\/div><div class=\"uagb-ifb-title-wrap\"><h3 class=\"uagb-ifb-title\">Personalised attention<\/h3><\/div><p class=\"uagb-ifb-desc\">We are available at all times to assist you during your stay.<\/p><\/div><\/div>\n<\/div>\n\n\n\n<div class=\"wp-block-uagb-container uagb-block-def1a95c\">\n<div class=\"wp-block-uagb-info-box uagb-block-4945b5e2 uagb-infobox__content-wrap  uagb-infobox-icon-above-title uagb-infobox-image-valign-top\"><div class=\"uagb-ifb-content\"><div class=\"uagb-ifb-image-content\"><img decoding=\"async\" src=\"https:\/\/opening-doors.eu\/wp-content\/uploads\/2024\/09\/reserva-segura.png\" alt=\"\" width=\"\" height=\"0\" loading=\"lazy\"\/><\/div><div class=\"uagb-ifb-title-wrap\"><h3 class=\"uagb-ifb-title\">Secure booking<\/h3><\/div><p class=\"uagb-ifb-desc\">We guarantee the protection of your booking and payment details.<\/p><\/div><\/div>\n<\/div>\n<\/div><\/div>\n\n\n\n<div class=\"wp-block-uagb-container uagb-block-d2606f33 alignfull uagb-is-root-container\"><div class=\"uagb-container-inner-blocks-wrap\">\n<div class=\"wp-block-uagb-advanced-heading uagb-block-4d752faa\"><p class=\"uagb-heading-text\"><strong>Take a look at our flats and save money by booking directly with us.<\/strong><\/p><\/div>\n\n\n\n<div class=\"wp-block-uagb-buttons uagb-buttons__outer-wrap uagb-btn__default-btn uagb-btn-tablet__default-btn uagb-btn-mobile__default-btn uagb-block-310531e5\"><div class=\"uagb-buttons__wrap uagb-buttons-layout-wrap\">\n<div class=\"wp-block-uagb-buttons-child uagb-buttons__outer-wrap uagb-block-d9150890 wp-block-button\"><div class=\"uagb-button__wrapper\"><a class=\"uagb-buttons-repeater wp-block-button__link\" aria-label=\"\" href=\"https:\/\/openingdoorsapartments.holidayfuture.com\/\" rel=\"follow noopener\" target=\"_blank\" role=\"button\"><div class=\"uagb-button__link\">Book here<\/div><\/a><\/div><\/div>\n<\/div><\/div>\n<\/div><\/div>\n\n\n\n<ul class=\"wp-block-list\">\n<li><strong><em><a href=\"https:\/\/openingdoorsapartments.holidayfuture.com\/pages\/promotion-conditions\">* <\/a><\/em><\/strong><a style=\"font-weight: bold; font-style: italic;\" href=\"https:\/\/openingdoorsapartments.holidayfuture.com\/pages\/promotion-conditions\">See Conditions<\/a><a style=\"font-weight: bold; font-style: italic;\" href=\"https:\/\/openingdoorsapartments.holidayfuture.com\/pages\/promotion-conditions\" target=\"_blank\" rel=\"noreferrer noopener\">Promotion guidelines<\/a><\/li>\n<\/ul>","protected":false},"excerpt":{"rendered":"<p>Alquiler de viviendas vacacionales Apartamentos, casas y villas en Catalu\u00f1a totalmente amobladas y equipadas para alquiler por d\u00edas o semanas. [&hellip;]<\/p>\n","protected":false},"author":1,"featured_media":1521,"parent":2762,"menu_order":0,"comment_status":"closed","ping_status":"closed","template":"","meta":{"_uag_custom_page_level_css":"","site-sidebar-layout":"default","site-content-layout":"","ast-site-content-layout":"default","site-content-style":"default","site-sidebar-style":"default","ast-global-header-display":"","ast-banner-title-visibility":"","ast-main-header-display":"","ast-hfb-above-header-display":"","ast-hfb-below-header-display":"","ast-hfb-mobile-header-display":"","site-post-title":"disabled","ast-breadcrumbs-content":"","ast-featured-img":"","footer-sml-layout":"","ast-disable-related-posts":"","theme-transparent-header-meta":"enabled","adv-header-id-meta":"","stick-header-meta":"default","header-above-stick-meta":"","header-main-stick-meta":"","header-below-stick-meta":"","astra-migrate-meta-layouts":"default","ast-page-background-enabled":"default","ast-page-background-meta":{"desktop":{"background-color":"var(--ast-global-color-4)","background-image":"","background-repeat":"repeat","background-position":"center center","background-size":"auto","background-attachment":"scroll","background-type":"","background-media":"","overlay-type":"","overlay-color":"","overlay-opacity":"","overlay-gradient":""},"tablet":{"background-color":"","background-image":"","background-repeat":"repeat","background-position":"center center","background-size":"auto","background-attachment":"scroll","background-type":"","background-media":"","overlay-type":"","overlay-color":"","overlay-opacity":"","overlay-gradient":""},"mobile":{"background-color":"","background-image":"","background-repeat":"repeat","background-position":"center center","background-size":"auto","background-attachment":"scroll","background-type":"","background-media":"","overlay-type":"","overlay-color":"","overlay-opacity":"","overlay-gradient":""}},"ast-content-background-meta":{"desktop":{"background-color":"var(--ast-global-color-5)","background-image":"","background-repeat":"repeat","background-position":"center center","background-size":"auto","background-attachment":"scroll","background-type":"","background-media":"","overlay-type":"","overlay-color":"","overlay-opacity":"","overlay-gradient":""},"tablet":{"background-color":"var(--ast-global-color-5)","background-image":"","background-repeat":"repeat","background-position":"center center","background-size":"auto","background-attachment":"scroll","background-type":"","background-media":"","overlay-type":"","overlay-color":"","overlay-opacity":"","overlay-gradient":""},"mobile":{"background-color":"var(--ast-global-color-5)","background-image":"","background-repeat":"repeat","background-position":"center center","background-size":"auto","background-attachment":"scroll","background-type":"","background-media":"","overlay-type":"","overlay-color":"","overlay-opacity":"","overlay-gradient":""}},"footnotes":""},"class_list":["post-368","page","type-page","status-publish","has-post-thumbnail","hentry"],"yoast_head":"<!-- This site is optimized with the Yoast SEO plugin v27.2 - https:\/\/yoast.com\/product\/yoast-seo-wordpress\/ -->\n<title>Alquiler de viviendas vacacionales en Catalu\u00f1a - Opening Doors<\/title>\n<meta name=\"description\" content=\"Apartamentos, casas y villas en Catalu\u00f1a totalmente amobladas y equipadas para alquiler por d\u00edas o semanas. Mejor precio garantizado\" \/>\n<meta name=\"robots\" content=\"index, follow, max-snippet:-1, max-image-preview:large, max-video-preview:-1\" \/>\n<link rel=\"canonical\" href=\"https:\/\/opening-doors.eu\/en\/flat-rentals\/holiday-home-rentals\/\" \/>\n<meta property=\"og:locale\" content=\"en_GB\" \/>\n<meta property=\"og:type\" content=\"article\" \/>\n<meta property=\"og:title\" content=\"Alquiler de viviendas vacacionales en Catalu\u00f1a - Opening Doors\" \/>\n<meta property=\"og:description\" content=\"Apartamentos, casas y villas en Catalu\u00f1a totalmente amobladas y equipadas para alquiler por d\u00edas o semanas. Mejor precio garantizado\" \/>\n<meta property=\"og:url\" content=\"https:\/\/opening-doors.eu\/en\/flat-rentals\/holiday-home-rentals\/\" \/>\n<meta property=\"og:site_name\" content=\"Opening Doors\" \/>\n<meta property=\"article:modified_time\" content=\"2026-03-27T11:22:16+00:00\" \/>\n<meta property=\"og:image\" content=\"https:\/\/opening-doors.eu\/wp-content\/uploads\/2024\/09\/apt-turisticos.jpg\" \/>\n\t<meta property=\"og:image:width\" content=\"800\" \/>\n\t<meta property=\"og:image:height\" content=\"298\" \/>\n\t<meta property=\"og:image:type\" content=\"image\/jpeg\" \/>\n<meta name=\"twitter:card\" content=\"summary_large_image\" \/>\n<meta name=\"twitter:label1\" content=\"Estimated reading time\" \/>\n\t<meta name=\"twitter:data1\" content=\"2 minutes\" \/>\n<script type=\"application\/ld+json\" class=\"yoast-schema-graph\">{\"@context\":\"https:\/\/schema.org\",\"@graph\":[{\"@type\":\"WebPage\",\"@id\":\"https:\/\/opening-doors.eu\/alquiler-de-apartamentos\/alquiler-de-viviendas-vacacionales\/\",\"url\":\"https:\/\/opening-doors.eu\/alquiler-de-apartamentos\/alquiler-de-viviendas-vacacionales\/\",\"name\":\"Alquiler de viviendas vacacionales en Catalu\u00f1a - Opening Doors\",\"isPartOf\":{\"@id\":\"https:\/\/opening-doors.eu\/#website\"},\"primaryImageOfPage\":{\"@id\":\"https:\/\/opening-doors.eu\/alquiler-de-apartamentos\/alquiler-de-viviendas-vacacionales\/#primaryimage\"},\"image\":{\"@id\":\"https:\/\/opening-doors.eu\/alquiler-de-apartamentos\/alquiler-de-viviendas-vacacionales\/#primaryimage\"},\"thumbnailUrl\":\"https:\/\/opening-doors.eu\/wp-content\/uploads\/2024\/09\/apt-turisticos.jpg\",\"datePublished\":\"2024-09-16T14:19:44+00:00\",\"dateModified\":\"2026-03-27T11:22:16+00:00\",\"description\":\"Apartamentos, casas y villas en Catalu\u00f1a totalmente amobladas y equipadas para alquiler por d\u00edas o semanas. Mejor precio garantizado\",\"breadcrumb\":{\"@id\":\"https:\/\/opening-doors.eu\/alquiler-de-apartamentos\/alquiler-de-viviendas-vacacionales\/#breadcrumb\"},\"inLanguage\":\"en-GB\",\"potentialAction\":[{\"@type\":\"ReadAction\",\"target\":[\"https:\/\/opening-doors.eu\/alquiler-de-apartamentos\/alquiler-de-viviendas-vacacionales\/\"]}]},{\"@type\":\"ImageObject\",\"inLanguage\":\"en-GB\",\"@id\":\"https:\/\/opening-doors.eu\/alquiler-de-apartamentos\/alquiler-de-viviendas-vacacionales\/#primaryimage\",\"url\":\"https:\/\/opening-doors.eu\/wp-content\/uploads\/2024\/09\/apt-turisticos.jpg\",\"contentUrl\":\"https:\/\/opening-doors.eu\/wp-content\/uploads\/2024\/09\/apt-turisticos.jpg\",\"width\":800,\"height\":298},{\"@type\":\"BreadcrumbList\",\"@id\":\"https:\/\/opening-doors.eu\/alquiler-de-apartamentos\/alquiler-de-viviendas-vacacionales\/#breadcrumb\",\"itemListElement\":[{\"@type\":\"ListItem\",\"position\":1,\"name\":\"Inicio\",\"item\":\"https:\/\/opening-doors.eu\/\"},{\"@type\":\"ListItem\",\"position\":2,\"name\":\"Alquiler de apartamentos\",\"item\":\"https:\/\/opening-doors.eu\/alquiler-de-apartamentos\/\"},{\"@type\":\"ListItem\",\"position\":3,\"name\":\"Alquiler de viviendas vacacionales\"}]},{\"@type\":\"WebSite\",\"@id\":\"https:\/\/opening-doors.eu\/#website\",\"url\":\"https:\/\/opening-doors.eu\/\",\"name\":\"Opening Doors\",\"description\":\"\",\"publisher\":{\"@id\":\"https:\/\/opening-doors.eu\/#organization\"},\"potentialAction\":[{\"@type\":\"SearchAction\",\"target\":{\"@type\":\"EntryPoint\",\"urlTemplate\":\"https:\/\/opening-doors.eu\/?s={search_term_string}\"},\"query-input\":{\"@type\":\"PropertyValueSpecification\",\"valueRequired\":true,\"valueName\":\"search_term_string\"}}],\"inLanguage\":\"en-GB\"},{\"@type\":\"Organization\",\"@id\":\"https:\/\/opening-doors.eu\/#organization\",\"name\":\"Opening Doors\",\"url\":\"https:\/\/opening-doors.eu\/\",\"logo\":{\"@type\":\"ImageObject\",\"inLanguage\":\"en-GB\",\"@id\":\"https:\/\/opening-doors.eu\/#\/schema\/logo\/image\/\",\"url\":\"https:\/\/opening-doors.eu\/wp-content\/uploads\/2024\/09\/logo-openingdoors.png\",\"contentUrl\":\"https:\/\/opening-doors.eu\/wp-content\/uploads\/2024\/09\/logo-openingdoors.png\",\"width\":200,\"height\":118,\"caption\":\"Opening Doors\"},\"image\":{\"@id\":\"https:\/\/opening-doors.eu\/#\/schema\/logo\/image\/\"}}]}<\/script>\n<!-- \/ Yoast SEO plugin. -->","yoast_head_json":{"title":"Holiday rentals in Catalonia - Opening Doors","description":"Flats, houses and villas in Catalonia fully furnished and equipped for rent for days or weeks. Best price guaranteed","robots":{"index":"index","follow":"follow","max-snippet":"max-snippet:-1","max-image-preview":"max-image-preview:large","max-video-preview":"max-video-preview:-1"},"canonical":"https:\/\/opening-doors.eu\/en\/flat-rentals\/holiday-home-rentals\/","og_locale":"en_GB","og_type":"article","og_title":"Alquiler de viviendas vacacionales en Catalu\u00f1a - Opening Doors","og_description":"Apartamentos, casas y villas en Catalu\u00f1a totalmente amobladas y equipadas para alquiler por d\u00edas o semanas. Mejor precio garantizado","og_url":"https:\/\/opening-doors.eu\/en\/flat-rentals\/holiday-home-rentals\/","og_site_name":"Opening Doors","article_modified_time":"2026-03-27T11:22:16+00:00","og_image":[{"width":800,"height":298,"url":"https:\/\/opening-doors.eu\/wp-content\/uploads\/2024\/09\/apt-turisticos.jpg","type":"image\/jpeg"}],"twitter_card":"summary_large_image","twitter_misc":{"Estimated reading time":"2 minutes"},"schema":{"@context":"https:\/\/schema.org","@graph":[{"@type":"WebPage","@id":"https:\/\/opening-doors.eu\/alquiler-de-apartamentos\/alquiler-de-viviendas-vacacionales\/","url":"https:\/\/opening-doors.eu\/alquiler-de-apartamentos\/alquiler-de-viviendas-vacacionales\/","name":"Holiday rentals in Catalonia - Opening Doors","isPartOf":{"@id":"https:\/\/opening-doors.eu\/#website"},"primaryImageOfPage":{"@id":"https:\/\/opening-doors.eu\/alquiler-de-apartamentos\/alquiler-de-viviendas-vacacionales\/#primaryimage"},"image":{"@id":"https:\/\/opening-doors.eu\/alquiler-de-apartamentos\/alquiler-de-viviendas-vacacionales\/#primaryimage"},"thumbnailUrl":"https:\/\/opening-doors.eu\/wp-content\/uploads\/2024\/09\/apt-turisticos.jpg","datePublished":"2024-09-16T14:19:44+00:00","dateModified":"2026-03-27T11:22:16+00:00","description":"Flats, houses and villas in Catalonia fully furnished and equipped for rent for days or weeks. Best price guaranteed","breadcrumb":{"@id":"https:\/\/opening-doors.eu\/alquiler-de-apartamentos\/alquiler-de-viviendas-vacacionales\/#breadcrumb"},"inLanguage":"en-GB","potentialAction":[{"@type":"ReadAction","target":["https:\/\/opening-doors.eu\/alquiler-de-apartamentos\/alquiler-de-viviendas-vacacionales\/"]}]},{"@type":"ImageObject","inLanguage":"en-GB","@id":"https:\/\/opening-doors.eu\/alquiler-de-apartamentos\/alquiler-de-viviendas-vacacionales\/#primaryimage","url":"https:\/\/opening-doors.eu\/wp-content\/uploads\/2024\/09\/apt-turisticos.jpg","contentUrl":"https:\/\/opening-doors.eu\/wp-content\/uploads\/2024\/09\/apt-turisticos.jpg","width":800,"height":298},{"@type":"BreadcrumbList","@id":"https:\/\/opening-doors.eu\/alquiler-de-apartamentos\/alquiler-de-viviendas-vacacionales\/#breadcrumb","itemListElement":[{"@type":"ListItem","position":1,"name":"Inicio","item":"https:\/\/opening-doors.eu\/"},{"@type":"ListItem","position":2,"name":"Alquiler de apartamentos","item":"https:\/\/opening-doors.eu\/alquiler-de-apartamentos\/"},{"@type":"ListItem","position":3,"name":"Alquiler de viviendas vacacionales"}]},{"@type":"WebSite","@id":"https:\/\/opening-doors.eu\/#website","url":"https:\/\/opening-doors.eu\/","name":"Opening Doors","description":"","publisher":{"@id":"https:\/\/opening-doors.eu\/#organization"},"potentialAction":[{"@type":"SearchAction","target":{"@type":"EntryPoint","urlTemplate":"https:\/\/opening-doors.eu\/?s={search_term_string}"},"query-input":{"@type":"PropertyValueSpecification","valueRequired":true,"valueName":"search_term_string"}}],"inLanguage":"en-GB"},{"@type":"Organization","@id":"https:\/\/opening-doors.eu\/#organization","name":"Opening Doors","url":"https:\/\/opening-doors.eu\/","logo":{"@type":"ImageObject","inLanguage":"en-GB","@id":"https:\/\/opening-doors.eu\/#\/schema\/logo\/image\/","url":"https:\/\/opening-doors.eu\/wp-content\/uploads\/2024\/09\/logo-openingdoors.png","contentUrl":"https:\/\/opening-doors.eu\/wp-content\/uploads\/2024\/09\/logo-openingdoors.png","width":200,"height":118,"caption":"Opening Doors"},"image":{"@id":"https:\/\/opening-doors.eu\/#\/schema\/logo\/image\/"}}]}},"uagb_featured_image_src":{"full":["https:\/\/opening-doors.eu\/wp-content\/uploads\/2024\/09\/apt-turisticos.jpg",800,298,false],"thumbnail":["https:\/\/opening-doors.eu\/wp-content\/uploads\/2024\/09\/apt-turisticos-150x150.jpg",150,150,true],"medium":["https:\/\/opening-doors.eu\/wp-content\/uploads\/2024\/09\/apt-turisticos-300x112.jpg",300,112,true],"medium_large":["https:\/\/opening-doors.eu\/wp-content\/uploads\/2024\/09\/apt-turisticos-768x286.jpg",768,286,true],"large":["https:\/\/opening-doors.eu\/wp-content\/uploads\/2024\/09\/apt-turisticos.jpg",800,298,false],"1536x1536":["https:\/\/opening-doors.eu\/wp-content\/uploads\/2024\/09\/apt-turisticos.jpg",800,298,false],"2048x2048":["https:\/\/opening-doors.eu\/wp-content\/uploads\/2024\/09\/apt-turisticos.jpg",800,298,false],"trp-custom-language-flag":["https:\/\/opening-doors.eu\/wp-content\/uploads\/2024\/09\/apt-turisticos.jpg",18,7,false]},"uagb_author_info":{"display_name":"mondo","author_link":"https:\/\/opening-doors.eu\/en\/author\/mondo\/"},"uagb_comment_info":0,"uagb_excerpt":"Alquiler de viviendas vacacionales Apartamentos, casas y villas en Catalu\u00f1a totalmente amobladas y equipadas para alquiler por d\u00edas o semanas. [&hellip;]","_links":{"self":[{"href":"https:\/\/opening-doors.eu\/en\/wp-json\/wp\/v2\/pages\/368","targetHints":{"allow":["GET"]}}],"collection":[{"href":"https:\/\/opening-doors.eu\/en\/wp-json\/wp\/v2\/pages"}],"about":[{"href":"https:\/\/opening-doors.eu\/en\/wp-json\/wp\/v2\/types\/page"}],"author":[{"embeddable":true,"href":"https:\/\/opening-doors.eu\/en\/wp-json\/wp\/v2\/users\/1"}],"replies":[{"embeddable":true,"href":"https:\/\/opening-doors.eu\/en\/wp-json\/wp\/v2\/comments?post=368"}],"version-history":[{"count":129,"href":"https:\/\/opening-doors.eu\/en\/wp-json\/wp\/v2\/pages\/368\/revisions"}],"predecessor-version":[{"id":6992,"href":"https:\/\/opening-doors.eu\/en\/wp-json\/wp\/v2\/pages\/368\/revisions\/6992"}],"up":[{"embeddable":true,"href":"https:\/\/opening-doors.eu\/en\/wp-json\/wp\/v2\/pages\/2762"}],"wp:featuredmedia":[{"embeddable":true,"href":"https:\/\/opening-doors.eu\/en\/wp-json\/wp\/v2\/media\/1521"}],"wp:attachment":[{"href":"https:\/\/opening-doors.eu\/en\/wp-json\/wp\/v2\/media?parent=368"}],"curies":[{"name":"wp","href":"https:\/\/api.w.org\/{rel}","templated":true}]}}