{"id":562,"date":"2024-09-20T10:08:45","date_gmt":"2024-09-20T10:08:45","guid":{"rendered":"https:\/\/opening-doors.eu\/?page_id=562"},"modified":"2024-12-04T19:47:03","modified_gmt":"2024-12-04T19:47:03","slug":"integral-management-of-temporary-rental-housing","status":"publish","type":"page","link":"https:\/\/opening-doors.eu\/en\/services-for-owners\/integral-management-of-temporary-rental-housing\/","title":{"rendered":"Comprehensive management of temporary rental housing"},"content":{"rendered":"<div class=\"wp-block-uagb-container uagb-block-f841cf80 alignfull uagb-is-root-container\"><div class=\"uagb-container-inner-blocks-wrap\">\n<div class=\"wp-block-uagb-container uagb-block-01a3846f\">\n<div class=\"wp-block-uagb-advanced-heading uagb-block-3af4fa5a\"><h1 class=\"uagb-heading-text\">Comprehensive management of temporary rental housing<\/h1><\/div>\n<\/div>\n<\/div><\/div>\n\n\n\n<div class=\"wp-block-uagb-container uagb-block-68b54827 alignfull uagb-is-root-container\"><div class=\"uagb-container-inner-blocks-wrap\">\n<div class=\"wp-block-uagb-container uagb-block-25e56d56\">\n<div class=\"wp-block-uagb-advanced-heading uagb-block-303cceb7\"><h2 class=\"uagb-heading-text\">Commercial management<\/h2><\/div>\n\n\n\n<div class=\"wp-block-uagb-advanced-heading uagb-block-016c688d\"><p class=\"uagb-heading-text\">At Opening Doors we take care of advertising and promoting rentals on different online platforms and in our own portfolio of clients. We attend the visits in order to finalise contracts with a minimum duration of one month and a maximum of 11 months. We select the profiles and validate the personal and economic documentation of the potential tenant.<\/p><\/div>\n<\/div>\n\n\n\n<div class=\"wp-block-uagb-container uagb-block-da2df0b1\"><\/div>\n<\/div><\/div>\n\n\n\n<div class=\"wp-block-uagb-container uagb-block-612697c0 alignfull uagb-is-root-container\"><div class=\"uagb-container-inner-blocks-wrap\">\n<div class=\"wp-block-uagb-container uagb-block-3e7bdf0c\"><\/div>\n\n\n\n<div class=\"wp-block-uagb-container uagb-block-9b0e1892\">\n<div class=\"wp-block-uagb-advanced-heading uagb-block-67841802\"><h2 class=\"uagb-heading-text\">Contract and Bond<\/h2><\/div>\n\n\n\n<div class=\"wp-block-uagb-advanced-heading uagb-block-3f19aa78\"><p class=\"uagb-heading-text\">We take care of drafting and signing the contract. We pay the deposit at the Institut Catal\u00e0 del S\u00f2l (INCASOL) and the ITP tax when applicable.<\/p><\/div>\n<\/div>\n<\/div><\/div>\n\n\n\n<div class=\"wp-block-uagb-container uagb-block-f6421b34 alignfull uagb-is-root-container\"><div class=\"uagb-container-inner-blocks-wrap\">\n<div class=\"wp-block-uagb-container uagb-block-6d9a407b\">\n<div class=\"wp-block-uagb-advanced-heading uagb-block-2f3a4757\"><h2 class=\"uagb-heading-text\">Flat cleaning and preparation service<\/h2><\/div>\n\n\n\n<div class=\"wp-block-uagb-advanced-heading uagb-block-96dbb226\"><p class=\"uagb-heading-text\">At Opening Doors we carefully select and train our team of cleaners to maintain a high standard of quality. We organise the cleaning and preparation of the flat. When necessary we arrange specific cleaning of curtains, sofas and carpets.<\/p><\/div>\n<\/div>\n\n\n\n<div class=\"wp-block-uagb-container uagb-block-9be8b3b1\"><\/div>\n<\/div><\/div>\n\n\n\n<div class=\"wp-block-uagb-container uagb-block-f948b829 alignfull uagb-is-root-container\"><div class=\"uagb-container-inner-blocks-wrap\">\n<div class=\"wp-block-uagb-container uagb-block-24ba9918\"><\/div>\n\n\n\n<div class=\"wp-block-uagb-container uagb-block-ec5f7685\">\n<div class=\"wp-block-uagb-advanced-heading uagb-block-e87a8c94\"><h2 class=\"uagb-heading-text\">Check-in<\/h2><\/div>\n\n\n\n<div class=\"wp-block-uagb-advanced-heading uagb-block-641a6f55\"><p class=\"uagb-heading-text\">We hand over the keys to the tenant, take a guided tour of the flat and give him\/her a<br>we explain the rules of the house and the services available.<\/p><\/div>\n<\/div>\n<\/div><\/div>\n\n\n\n<div class=\"wp-block-uagb-container uagb-block-8607f87c alignfull uagb-is-root-container\"><div class=\"uagb-container-inner-blocks-wrap\">\n<div class=\"wp-block-uagb-container uagb-block-de35e848\">\n<div class=\"wp-block-uagb-advanced-heading uagb-block-0e37c540\"><h2 class=\"uagb-heading-text\">Assistance 365 days a year<\/h2><\/div>\n\n\n\n<div class=\"wp-block-uagb-advanced-heading uagb-block-9a2bf7cc\"><p class=\"uagb-heading-text\">We are available for the tenant and the community of owners. Telephone open 24 hours a day for urgent matters.<\/p><\/div>\n<\/div>\n\n\n\n<div class=\"wp-block-uagb-container uagb-block-ebe54e78\"><\/div>\n<\/div><\/div>\n\n\n\n<div class=\"wp-block-uagb-container uagb-block-3d1c1be3 alignfull uagb-is-root-container\"><div class=\"uagb-container-inner-blocks-wrap\">\n<div class=\"wp-block-uagb-container uagb-block-b0ea4ddd\"><\/div>\n\n\n\n<div class=\"wp-block-uagb-container uagb-block-82766585\">\n<div class=\"wp-block-uagb-advanced-heading uagb-block-2078ad51\"><h2 class=\"uagb-heading-text\">Collections<\/h2><\/div>\n\n\n\n<div class=\"wp-block-uagb-advanced-heading uagb-block-71f4411c\"><p class=\"uagb-heading-text\">We manage the collection of rents and supplies where applicable.<\/p><\/div>\n<\/div>\n<\/div><\/div>\n\n\n\n<div class=\"wp-block-uagb-container uagb-block-6ea2650a alignfull uagb-is-root-container\"><div class=\"uagb-container-inner-blocks-wrap\">\n<div class=\"wp-block-uagb-container uagb-block-37906be3\">\n<div class=\"wp-block-uagb-advanced-heading uagb-block-3d805f8a\"><h2 class=\"uagb-heading-text\">Check-out<\/h2><\/div>\n\n\n\n<div class=\"wp-block-uagb-advanced-heading uagb-block-4d106d68\"><p class=\"uagb-heading-text\">We inspect the flat at each departure. We return the deposit minus the amount of damages if any.<\/p><\/div>\n<\/div>\n\n\n\n<div class=\"wp-block-uagb-container uagb-block-aa449293\"><\/div>\n<\/div><\/div>\n\n\n\n<div class=\"wp-block-uagb-container uagb-block-795f6f8d alignfull uagb-is-root-container\"><div class=\"uagb-container-inner-blocks-wrap\">\n<div class=\"wp-block-uagb-container uagb-block-7025bf1d\"><\/div>\n\n\n\n<div class=\"wp-block-uagb-container uagb-block-cfbe51f4\">\n<div class=\"wp-block-uagb-advanced-heading uagb-block-ed3162d7\"><h2 class=\"uagb-heading-text\">Purchasing management<\/h2><\/div>\n\n\n\n<div class=\"wp-block-uagb-advanced-heading uagb-block-8e7d5b06\"><p class=\"uagb-heading-text\">We purchase amenities, sheets and towels, crockery, small electrical appliances, furniture, etc. to replace those that have been used up or damaged.<\/p><\/div>\n<\/div>\n<\/div><\/div>\n\n\n\n<div class=\"wp-block-uagb-container uagb-block-ac328f97 alignfull uagb-is-root-container\"><div class=\"uagb-container-inner-blocks-wrap\">\n<div class=\"wp-block-uagb-container uagb-block-d28add7a\">\n<div class=\"wp-block-uagb-advanced-heading uagb-block-9fc1bcd8\"><h2 class=\"uagb-heading-text\">Comprehensive maintenance and repair management<\/h2><\/div>\n\n\n\n<div class=\"wp-block-uagb-advanced-heading uagb-block-87725e3e\"><p class=\"uagb-heading-text\">We periodically inspect the flat to detect maintenance needs and we manage it with the owner's approval. We have a technician to solve small problems and a group of specific professionals (AACC, heating, electricians, plumbers, etc.) for more complex issues.<\/p><\/div>\n<\/div>\n\n\n\n<div class=\"wp-block-uagb-container uagb-block-b1fcadcd\"><\/div>\n<\/div><\/div>\n\n\n\n<div class=\"wp-block-uagb-container uagb-block-232c0d7c alignfull uagb-is-root-container\"><div class=\"uagb-container-inner-blocks-wrap\">\n<div class=\"wp-block-uagb-container uagb-block-742158d2\"><\/div>\n\n\n\n<div class=\"wp-block-uagb-container uagb-block-aa545e46\">\n<div class=\"wp-block-uagb-advanced-heading uagb-block-13c7932f\"><h2 class=\"uagb-heading-text\">Accounting<\/h2><\/div>\n\n\n\n<div class=\"wp-block-uagb-advanced-heading uagb-block-1b88d7dc\"><p class=\"uagb-heading-text\">We record income and expenses, keep and archive commercial, legal and tax documentation. We prepare the information for the manager to file taxes.<\/p><\/div>\n<\/div>\n<\/div><\/div>\n\n\n\n<div class=\"wp-block-uagb-container uagb-block-55013263 alignfull uagb-is-root-container\"><div class=\"uagb-container-inner-blocks-wrap\">\n<div class=\"wp-block-uagb-advanced-heading uagb-block-08dd4d81\"><h2 class=\"uagb-heading-text\">What are the advantages of a medium-term rental?<\/h2><\/div>\n\n\n\n<div class=\"wp-block-uagb-icon-list uagb-block-5a68da44\"><div class=\"uagb-icon-list__wrap\">\n<div class=\"wp-block-uagb-icon-list-child uagb-block-1c0b0a7b\"><span class=\"uagb-icon-list__source-wrap\"><img decoding=\"async\" class=\"uagb-icon-list__source-image\" src=\"https:\/\/opening-doors.eu\/wp-content\/uploads\/2024\/09\/Vector-7.png\" width=\"16\" height=\"16\" loading=\"lazy\" alt=\"\"\/><\/span><span class=\"uagb-icon-list__label\">You control the availability of your home: they are fixed-term contracts and you are not obliged to renew them, so you can have your home back in a few months.<\/span><\/div>\n\n\n\n<div class=\"wp-block-uagb-icon-list-child uagb-block-30ae6d03\"><span class=\"uagb-icon-list__source-wrap\"><img decoding=\"async\" class=\"uagb-icon-list__source-image\" src=\"https:\/\/opening-doors.eu\/wp-content\/uploads\/2024\/09\/Vector-7.png\" width=\"16\" height=\"16\" loading=\"lazy\" alt=\"\"\/><\/span><span class=\"uagb-icon-list__label\">High return on investment: rents are higher than a residential rental.<\/span><\/div>\n\n\n\n<div class=\"wp-block-uagb-icon-list-child uagb-block-af353e7f\"><span class=\"uagb-icon-list__source-wrap\"><img decoding=\"async\" class=\"uagb-icon-list__source-image\" src=\"https:\/\/opening-doors.eu\/wp-content\/uploads\/2024\/09\/Vector-7.png\" width=\"16\" height=\"16\" loading=\"lazy\" alt=\"\"\/><\/span><span class=\"uagb-icon-list__label\">Low rate of bad debts: those who come with a planned stay for a limited period of time also plan their finances.<\/span><\/div>\n<\/div><\/div>\n\n\n\n<div class=\"wp-block-uagb-advanced-heading uagb-block-e92f958d\"><p class=\"uagb-heading-text\">We are available 365 days a year to assist guests during their stay.<br>You don't have to worry about anything because we take care of everything!<\/p><\/div>\n\n\n\n<div class=\"wp-block-uagb-buttons uagb-buttons__outer-wrap uagb-btn__default-btn uagb-btn-tablet__default-btn uagb-btn-mobile__default-btn uagb-block-52048dc1\"><div class=\"uagb-buttons__wrap uagb-buttons-layout-wrap\">\n<div class=\"wp-block-uagb-buttons-child uagb-buttons__outer-wrap uagb-block-45e7acb0 wp-block-button\"><div class=\"uagb-button__wrapper\"><a class=\"uagb-buttons-repeater wp-block-button__link\" aria-label=\"\" href=\"https:\/\/opening-doors.eu\/en\/contact\/\" rel=\"follow noopener\" target=\"_self\" role=\"button\"><div class=\"uagb-button__link\">more information<\/div><\/a><\/div><\/div>\n<\/div><\/div>\n<\/div><\/div>","protected":false},"excerpt":{"rendered":"<p>Gesti\u00f3n integral de viviendas en alquiler temporal Gesti\u00f3n comercial Desde Opening Doors nos encargamos de publicitar y promover el alquiler [&hellip;]<\/p>\n","protected":false},"author":1,"featured_media":3205,"parent":376,"menu_order":0,"comment_status":"closed","ping_status":"closed","template":"","meta":{"_uag_custom_page_level_css":"","site-sidebar-layout":"default","site-content-layout":"","ast-site-content-layout":"default","site-content-style":"default","site-sidebar-style":"default","ast-global-header-display":"","ast-banner-title-visibility":"","ast-main-header-display":"","ast-hfb-above-header-display":"","ast-hfb-below-header-display":"","ast-hfb-mobile-header-display":"","site-post-title":"disabled","ast-breadcrumbs-content":"","ast-featured-img":"","footer-sml-layout":"","ast-disable-related-posts":"","theme-transparent-header-meta":"","adv-header-id-meta":"","stick-header-meta":"","header-above-stick-meta":"","header-main-stick-meta":"","header-below-stick-meta":"","astra-migrate-meta-layouts":"default","ast-page-background-enabled":"default","ast-page-background-meta":{"desktop":{"background-color":"var(--ast-global-color-4)","background-image":"","background-repeat":"repeat","background-position":"center center","background-size":"auto","background-attachment":"scroll","background-type":"","background-media":"","overlay-type":"","overlay-color":"","overlay-opacity":"","overlay-gradient":""},"tablet":{"background-color":"","background-image":"","background-repeat":"repeat","background-position":"center center","background-size":"auto","background-attachment":"scroll","background-type":"","background-media":"","overlay-type":"","overlay-color":"","overlay-opacity":"","overlay-gradient":""},"mobile":{"background-color":"","background-image":"","background-repeat":"repeat","background-position":"center center","background-size":"auto","background-attachment":"scroll","background-type":"","background-media":"","overlay-type":"","overlay-color":"","overlay-opacity":"","overlay-gradient":""}},"ast-content-background-meta":{"desktop":{"background-color":"var(--ast-global-color-5)","background-image":"","background-repeat":"repeat","background-position":"center center","background-size":"auto","background-attachment":"scroll","background-type":"","background-media":"","overlay-type":"","overlay-color":"","overlay-opacity":"","overlay-gradient":""},"tablet":{"background-color":"var(--ast-global-color-5)","background-image":"","background-repeat":"repeat","background-position":"center center","background-size":"auto","background-attachment":"scroll","background-type":"","background-media":"","overlay-type":"","overlay-color":"","overlay-opacity":"","overlay-gradient":""},"mobile":{"background-color":"var(--ast-global-color-5)","background-image":"","background-repeat":"repeat","background-position":"center center","background-size":"auto","background-attachment":"scroll","background-type":"","background-media":"","overlay-type":"","overlay-color":"","overlay-opacity":"","overlay-gradient":""}},"footnotes":""},"class_list":["post-562","page","type-page","status-publish","has-post-thumbnail","hentry"],"yoast_head":"<!-- This site is optimized with the Yoast SEO plugin v27.2 - https:\/\/yoast.com\/product\/yoast-seo-wordpress\/ -->\n<title>Gesti\u00f3n integral de viviendas en alquiler temporal - Opening Doors<\/title>\n<meta name=\"description\" content=\"Conf\u00eda en Opening Doors para gestionar tu alquiler temporal en Barcelona: promoci\u00f3n, contratos, mantenimiento, cobros y atenci\u00f3n 365 d\u00edas al a\u00f1o.\" \/>\n<meta name=\"robots\" content=\"index, follow, max-snippet:-1, max-image-preview:large, max-video-preview:-1\" \/>\n<link rel=\"canonical\" href=\"https:\/\/opening-doors.eu\/en\/services-for-owners\/integral-management-of-temporary-rental-housing\/\" \/>\n<meta property=\"og:locale\" content=\"en_GB\" \/>\n<meta property=\"og:type\" content=\"article\" \/>\n<meta property=\"og:title\" content=\"Gesti\u00f3n integral de viviendas en alquiler temporal - Opening Doors\" \/>\n<meta property=\"og:description\" content=\"Conf\u00eda en Opening Doors para gestionar tu alquiler temporal en Barcelona: promoci\u00f3n, contratos, mantenimiento, cobros y atenci\u00f3n 365 d\u00edas al a\u00f1o.\" \/>\n<meta property=\"og:url\" content=\"https:\/\/opening-doors.eu\/en\/services-for-owners\/integral-management-of-temporary-rental-housing\/\" \/>\n<meta property=\"og:site_name\" content=\"Opening Doors\" \/>\n<meta property=\"article:modified_time\" content=\"2024-12-04T19:47:03+00:00\" \/>\n<meta property=\"og:image\" content=\"https:\/\/opening-doors.eu\/wp-content\/uploads\/2024\/09\/web-horitzontal-slogan-trans.png\" \/>\n\t<meta property=\"og:image:width\" content=\"261\" \/>\n\t<meta property=\"og:image:height\" content=\"166\" \/>\n\t<meta property=\"og:image:type\" content=\"image\/png\" \/>\n<meta name=\"twitter:card\" content=\"summary_large_image\" \/>\n<meta name=\"twitter:label1\" content=\"Estimated reading time\" \/>\n\t<meta name=\"twitter:data1\" content=\"3 minutes\" \/>\n<script type=\"application\/ld+json\" class=\"yoast-schema-graph\">{\"@context\":\"https:\/\/schema.org\",\"@graph\":[{\"@type\":\"WebPage\",\"@id\":\"https:\/\/opening-doors.eu\/servicios-para-propietarios\/gestion-integral-de-viviendas-en-alquiler-temporal\/\",\"url\":\"https:\/\/opening-doors.eu\/servicios-para-propietarios\/gestion-integral-de-viviendas-en-alquiler-temporal\/\",\"name\":\"Gesti\u00f3n integral de viviendas en alquiler temporal - Opening Doors\",\"isPartOf\":{\"@id\":\"https:\/\/opening-doors.eu\/#website\"},\"primaryImageOfPage\":{\"@id\":\"https:\/\/opening-doors.eu\/servicios-para-propietarios\/gestion-integral-de-viviendas-en-alquiler-temporal\/#primaryimage\"},\"image\":{\"@id\":\"https:\/\/opening-doors.eu\/servicios-para-propietarios\/gestion-integral-de-viviendas-en-alquiler-temporal\/#primaryimage\"},\"thumbnailUrl\":\"https:\/\/opening-doors.eu\/wp-content\/uploads\/2024\/11\/check-in-gestion-integral-de-apartamentos-de-temporada.jpg\",\"datePublished\":\"2024-09-20T10:08:45+00:00\",\"dateModified\":\"2024-12-04T19:47:03+00:00\",\"description\":\"Conf\u00eda en Opening Doors para gestionar tu alquiler temporal en Barcelona: promoci\u00f3n, contratos, mantenimiento, cobros y atenci\u00f3n 365 d\u00edas al a\u00f1o.\",\"breadcrumb\":{\"@id\":\"https:\/\/opening-doors.eu\/servicios-para-propietarios\/gestion-integral-de-viviendas-en-alquiler-temporal\/#breadcrumb\"},\"inLanguage\":\"en-GB\",\"potentialAction\":[{\"@type\":\"ReadAction\",\"target\":[\"https:\/\/opening-doors.eu\/servicios-para-propietarios\/gestion-integral-de-viviendas-en-alquiler-temporal\/\"]}]},{\"@type\":\"ImageObject\",\"inLanguage\":\"en-GB\",\"@id\":\"https:\/\/opening-doors.eu\/servicios-para-propietarios\/gestion-integral-de-viviendas-en-alquiler-temporal\/#primaryimage\",\"url\":\"https:\/\/opening-doors.eu\/wp-content\/uploads\/2024\/11\/check-in-gestion-integral-de-apartamentos-de-temporada.jpg\",\"contentUrl\":\"https:\/\/opening-doors.eu\/wp-content\/uploads\/2024\/11\/check-in-gestion-integral-de-apartamentos-de-temporada.jpg\",\"width\":520,\"height\":450},{\"@type\":\"BreadcrumbList\",\"@id\":\"https:\/\/opening-doors.eu\/servicios-para-propietarios\/gestion-integral-de-viviendas-en-alquiler-temporal\/#breadcrumb\",\"itemListElement\":[{\"@type\":\"ListItem\",\"position\":1,\"name\":\"Inicio\",\"item\":\"https:\/\/opening-doors.eu\/\"},{\"@type\":\"ListItem\",\"position\":2,\"name\":\"Servicios para propietarios\",\"item\":\"https:\/\/opening-doors.eu\/servicios-para-propietarios\/\"},{\"@type\":\"ListItem\",\"position\":3,\"name\":\"Gesti\u00f3n integral de viviendas en alquiler temporal\"}]},{\"@type\":\"WebSite\",\"@id\":\"https:\/\/opening-doors.eu\/#website\",\"url\":\"https:\/\/opening-doors.eu\/\",\"name\":\"Opening Doors\",\"description\":\"\",\"publisher\":{\"@id\":\"https:\/\/opening-doors.eu\/#organization\"},\"potentialAction\":[{\"@type\":\"SearchAction\",\"target\":{\"@type\":\"EntryPoint\",\"urlTemplate\":\"https:\/\/opening-doors.eu\/?s={search_term_string}\"},\"query-input\":{\"@type\":\"PropertyValueSpecification\",\"valueRequired\":true,\"valueName\":\"search_term_string\"}}],\"inLanguage\":\"en-GB\"},{\"@type\":\"Organization\",\"@id\":\"https:\/\/opening-doors.eu\/#organization\",\"name\":\"Opening Doors\",\"url\":\"https:\/\/opening-doors.eu\/\",\"logo\":{\"@type\":\"ImageObject\",\"inLanguage\":\"en-GB\",\"@id\":\"https:\/\/opening-doors.eu\/#\/schema\/logo\/image\/\",\"url\":\"https:\/\/opening-doors.eu\/wp-content\/uploads\/2024\/09\/logo-openingdoors.png\",\"contentUrl\":\"https:\/\/opening-doors.eu\/wp-content\/uploads\/2024\/09\/logo-openingdoors.png\",\"width\":200,\"height\":118,\"caption\":\"Opening Doors\"},\"image\":{\"@id\":\"https:\/\/opening-doors.eu\/#\/schema\/logo\/image\/\"}}]}<\/script>\n<!-- \/ Yoast SEO plugin. -->","yoast_head_json":{"title":"Integral management of temporary rental housing - Opening Doors","description":"Trust Opening Doors to manage your temporary rental in Barcelona: promotion, contracts, maintenance, collections and attention 365 days a year.","robots":{"index":"index","follow":"follow","max-snippet":"max-snippet:-1","max-image-preview":"max-image-preview:large","max-video-preview":"max-video-preview:-1"},"canonical":"https:\/\/opening-doors.eu\/en\/services-for-owners\/integral-management-of-temporary-rental-housing\/","og_locale":"en_GB","og_type":"article","og_title":"Gesti\u00f3n integral de viviendas en alquiler temporal - Opening Doors","og_description":"Conf\u00eda en Opening Doors para gestionar tu alquiler temporal en Barcelona: promoci\u00f3n, contratos, mantenimiento, cobros y atenci\u00f3n 365 d\u00edas al a\u00f1o.","og_url":"https:\/\/opening-doors.eu\/en\/services-for-owners\/integral-management-of-temporary-rental-housing\/","og_site_name":"Opening Doors","article_modified_time":"2024-12-04T19:47:03+00:00","og_image":[{"width":261,"height":166,"url":"https:\/\/opening-doors.eu\/wp-content\/uploads\/2024\/09\/web-horitzontal-slogan-trans.png","type":"image\/png"}],"twitter_card":"summary_large_image","twitter_misc":{"Estimated reading time":"3 minutes"},"schema":{"@context":"https:\/\/schema.org","@graph":[{"@type":"WebPage","@id":"https:\/\/opening-doors.eu\/servicios-para-propietarios\/gestion-integral-de-viviendas-en-alquiler-temporal\/","url":"https:\/\/opening-doors.eu\/servicios-para-propietarios\/gestion-integral-de-viviendas-en-alquiler-temporal\/","name":"Integral management of temporary rental housing - Opening Doors","isPartOf":{"@id":"https:\/\/opening-doors.eu\/#website"},"primaryImageOfPage":{"@id":"https:\/\/opening-doors.eu\/servicios-para-propietarios\/gestion-integral-de-viviendas-en-alquiler-temporal\/#primaryimage"},"image":{"@id":"https:\/\/opening-doors.eu\/servicios-para-propietarios\/gestion-integral-de-viviendas-en-alquiler-temporal\/#primaryimage"},"thumbnailUrl":"https:\/\/opening-doors.eu\/wp-content\/uploads\/2024\/11\/check-in-gestion-integral-de-apartamentos-de-temporada.jpg","datePublished":"2024-09-20T10:08:45+00:00","dateModified":"2024-12-04T19:47:03+00:00","description":"Trust Opening Doors to manage your temporary rental in Barcelona: promotion, contracts, maintenance, collections and attention 365 days a year.","breadcrumb":{"@id":"https:\/\/opening-doors.eu\/servicios-para-propietarios\/gestion-integral-de-viviendas-en-alquiler-temporal\/#breadcrumb"},"inLanguage":"en-GB","potentialAction":[{"@type":"ReadAction","target":["https:\/\/opening-doors.eu\/servicios-para-propietarios\/gestion-integral-de-viviendas-en-alquiler-temporal\/"]}]},{"@type":"ImageObject","inLanguage":"en-GB","@id":"https:\/\/opening-doors.eu\/servicios-para-propietarios\/gestion-integral-de-viviendas-en-alquiler-temporal\/#primaryimage","url":"https:\/\/opening-doors.eu\/wp-content\/uploads\/2024\/11\/check-in-gestion-integral-de-apartamentos-de-temporada.jpg","contentUrl":"https:\/\/opening-doors.eu\/wp-content\/uploads\/2024\/11\/check-in-gestion-integral-de-apartamentos-de-temporada.jpg","width":520,"height":450},{"@type":"BreadcrumbList","@id":"https:\/\/opening-doors.eu\/servicios-para-propietarios\/gestion-integral-de-viviendas-en-alquiler-temporal\/#breadcrumb","itemListElement":[{"@type":"ListItem","position":1,"name":"Inicio","item":"https:\/\/opening-doors.eu\/"},{"@type":"ListItem","position":2,"name":"Servicios para propietarios","item":"https:\/\/opening-doors.eu\/servicios-para-propietarios\/"},{"@type":"ListItem","position":3,"name":"Gesti\u00f3n integral de viviendas en alquiler temporal"}]},{"@type":"WebSite","@id":"https:\/\/opening-doors.eu\/#website","url":"https:\/\/opening-doors.eu\/","name":"Opening Doors","description":"","publisher":{"@id":"https:\/\/opening-doors.eu\/#organization"},"potentialAction":[{"@type":"SearchAction","target":{"@type":"EntryPoint","urlTemplate":"https:\/\/opening-doors.eu\/?s={search_term_string}"},"query-input":{"@type":"PropertyValueSpecification","valueRequired":true,"valueName":"search_term_string"}}],"inLanguage":"en-GB"},{"@type":"Organization","@id":"https:\/\/opening-doors.eu\/#organization","name":"Opening Doors","url":"https:\/\/opening-doors.eu\/","logo":{"@type":"ImageObject","inLanguage":"en-GB","@id":"https:\/\/opening-doors.eu\/#\/schema\/logo\/image\/","url":"https:\/\/opening-doors.eu\/wp-content\/uploads\/2024\/09\/logo-openingdoors.png","contentUrl":"https:\/\/opening-doors.eu\/wp-content\/uploads\/2024\/09\/logo-openingdoors.png","width":200,"height":118,"caption":"Opening Doors"},"image":{"@id":"https:\/\/opening-doors.eu\/#\/schema\/logo\/image\/"}}]}},"uagb_featured_image_src":{"full":["https:\/\/opening-doors.eu\/wp-content\/uploads\/2024\/11\/check-in-gestion-integral-de-apartamentos-de-temporada.jpg",520,450,false],"thumbnail":["https:\/\/opening-doors.eu\/wp-content\/uploads\/2024\/11\/check-in-gestion-integral-de-apartamentos-de-temporada-150x150.jpg",150,150,true],"medium":["https:\/\/opening-doors.eu\/wp-content\/uploads\/2024\/11\/check-in-gestion-integral-de-apartamentos-de-temporada-300x260.jpg",300,260,true],"medium_large":["https:\/\/opening-doors.eu\/wp-content\/uploads\/2024\/11\/check-in-gestion-integral-de-apartamentos-de-temporada.jpg",520,450,false],"large":["https:\/\/opening-doors.eu\/wp-content\/uploads\/2024\/11\/check-in-gestion-integral-de-apartamentos-de-temporada.jpg",520,450,false],"1536x1536":["https:\/\/opening-doors.eu\/wp-content\/uploads\/2024\/11\/check-in-gestion-integral-de-apartamentos-de-temporada.jpg",520,450,false],"2048x2048":["https:\/\/opening-doors.eu\/wp-content\/uploads\/2024\/11\/check-in-gestion-integral-de-apartamentos-de-temporada.jpg",520,450,false],"trp-custom-language-flag":["https:\/\/opening-doors.eu\/wp-content\/uploads\/2024\/11\/check-in-gestion-integral-de-apartamentos-de-temporada.jpg",14,12,false]},"uagb_author_info":{"display_name":"mondo","author_link":"https:\/\/opening-doors.eu\/en\/author\/mondo\/"},"uagb_comment_info":0,"uagb_excerpt":"Gesti\u00f3n integral de viviendas en alquiler temporal Gesti\u00f3n comercial Desde Opening Doors nos encargamos de publicitar y promover el alquiler [&hellip;]","_links":{"self":[{"href":"https:\/\/opening-doors.eu\/en\/wp-json\/wp\/v2\/pages\/562","targetHints":{"allow":["GET"]}}],"collection":[{"href":"https:\/\/opening-doors.eu\/en\/wp-json\/wp\/v2\/pages"}],"about":[{"href":"https:\/\/opening-doors.eu\/en\/wp-json\/wp\/v2\/types\/page"}],"author":[{"embeddable":true,"href":"https:\/\/opening-doors.eu\/en\/wp-json\/wp\/v2\/users\/1"}],"replies":[{"embeddable":true,"href":"https:\/\/opening-doors.eu\/en\/wp-json\/wp\/v2\/comments?post=562"}],"version-history":[{"count":160,"href":"https:\/\/opening-doors.eu\/en\/wp-json\/wp\/v2\/pages\/562\/revisions"}],"predecessor-version":[{"id":4290,"href":"https:\/\/opening-doors.eu\/en\/wp-json\/wp\/v2\/pages\/562\/revisions\/4290"}],"up":[{"embeddable":true,"href":"https:\/\/opening-doors.eu\/en\/wp-json\/wp\/v2\/pages\/376"}],"wp:featuredmedia":[{"embeddable":true,"href":"https:\/\/opening-doors.eu\/en\/wp-json\/wp\/v2\/media\/3205"}],"wp:attachment":[{"href":"https:\/\/opening-doors.eu\/en\/wp-json\/wp\/v2\/media?parent=562"}],"curies":[{"name":"wp","href":"https:\/\/api.w.org\/{rel}","templated":true}]}}