{"id":3,"date":"2024-09-06T08:03:15","date_gmt":"2024-09-06T08:03:15","guid":{"rendered":"https:\/\/opening-doors.eu\/?page_id=3"},"modified":"2024-12-01T19:45:19","modified_gmt":"2024-12-01T19:45:19","slug":"politique-de-confidentialite","status":"publish","type":"page","link":"https:\/\/opening-doors.eu\/fr\/politique-de-confidentialite\/","title":{"rendered":"Politique de confidentialit\u00e9"},"content":{"rendered":"<p>Au<strong> Opening Doors Apartments &amp; Villas SL<\/strong> nous nous engageons \u00e0<br>la protection de vos donn\u00e9es personnelles et le respect de votre vie priv\u00e9e. Dans ce qui suit, nous nous engageons \u00e0<br>nous indiquons comment nous recueillons, utilisons et prot\u00e9geons les informations que vous nous fournissez lorsque vous naviguez sur nos sites web : <a href=\"https:\/\/opening-doors.eu\/fr\/\">https:\/\/opening-doors.eu\/<\/a> y<br><a href=\"https:\/\/openingdoorsapartments.holidayfuture.com\/&nbsp;\">https:\/\/openingdoorsapartments.holidayfuture.com\/&nbsp;<\/a><br><br>Nous respectons la r\u00e9glementation en vigueur en mati\u00e8re de protection des donn\u00e9es personnelles, en particulier :<\/p>\n\n\n\n<ul class=\"wp-block-list\">\n<li>Le <strong>Loi organique 3\/2018<\/strong>du 5 d\u00e9cembre sur la protection des donn\u00e9es personnelles et la garantie des droits num\u00e9riques (la \"loi sur la protection des donn\u00e9es\").<strong>LOPD GDD<\/strong>).<\/li>\n\n\n\n<li>Le <strong>R\u00e8glement (UE) 2016\/679<\/strong> du Parlement europ\u00e9en et du Conseil du 27 avril 2016 relative \u00e0 la protection des personnes physiques (<strong>GDPR<\/strong>).<\/li>\n<\/ul>\n\n\n\n<p>En utilisant notre site web, vous signifiez votre acceptation de la pr\u00e9sente politique de protection de la vie priv\u00e9e, comme suit<br>ainsi que les conditions incluses dans nos mentions l\u00e9gales.<\/p>\n\n\n\n<h2 class=\"wp-block-heading\">Identit\u00e9 du responsable du traitement<\/h2>\n\n\n\n<ul class=\"wp-block-list\">\n<li><strong>Titre :<\/strong> Opening Doors Apartments &amp; Villas SL<\/li>\n\n\n\n<li><strong>NIF\/CIF :<\/strong>&nbsp;B55494421<\/li>\n\n\n\n<li><strong>Adresse :<\/strong>&nbsp;C\/Rabassa 33 1\u00ba 1\u00ba, 08024 Barcelone<\/li>\n\n\n\n<li><strong>E-mail :<\/strong>\u00a0<a href=\"mailto:romina@opening-doors.eu\">info@opening-doors.eu<\/a><\/li>\n\n\n\n<li><strong>Sites <a href=\"Web:&nbsp;www.opening-doors.eu\">Web :<\/a><\/strong><a href=\"Web:&nbsp;www.opening-doors.eu\">&nbsp;www.opening-doors.eu <\/a><br><a href=\"https:\/\/openingdoorsapartments.holidayfuture.com\/\">https:\/\/openingdoorsapartments.holidayfuture.com\/<\/a><\/li>\n<\/ul>\n\n\n\n<h2 class=\"wp-block-heading\">Principes appliqu\u00e9s au traitement des donn\u00e9es<\/h2>\n\n\n\n<p>Nous appliquons les principes suivants lors du traitement de vos donn\u00e9es personnelles :<\/p>\n\n\n\n<ul class=\"wp-block-list\">\n<li><strong>\u00c9quit\u00e9, loyaut\u00e9 et transparence :<\/strong> Nous collectons et traitons vos donn\u00e9es uniquement avec votre consentement \u00e9clair\u00e9 et \u00e0 des fins l\u00e9gitimes.<\/li>\n\n\n\n<li><strong>La minimisation des donn\u00e9es :<\/strong> Nous ne demandons que les donn\u00e9es strictement n\u00e9cessaires \u00e0 chaque objectif.<\/li>\n\n\n\n<li><strong>Limitation de la dur\u00e9e de conservation :<\/strong> Nous ne conservons vos donn\u00e9es que pour la dur\u00e9e n\u00e9cessaire aux fins indiqu\u00e9es.<\/li>\n\n\n\n<li><strong>Int\u00e9grit\u00e9 et confidentialit\u00e9 :<\/strong> Nous garantissons la s\u00e9curit\u00e9 de vos donn\u00e9es par des mesures techniques et organisationnelles appropri\u00e9es.<\/li>\n<\/ul>\n\n\n\n<h2 class=\"wp-block-heading\">Collecte de donn\u00e9es \u00e0 caract\u00e8re personnel<\/h2>\n\n\n\n<p>Nous ne collectons des donn\u00e9es personnelles que dans les cas suivants :<\/p>\n\n\n\n<ul class=\"wp-block-list\">\n<li>Lorsque vous nous contactez via les formulaires de contact ou par courrier \u00e9lectronique.<\/li>\n\n\n\n<li>Lorsque vous commandez nos services de transport par le biais du site web.<\/li>\n<\/ul>\n\n\n\n<h2 class=\"wp-block-heading\">Finalit\u00e9 du traitement des donn\u00e9es<\/h2>\n\n\n\n<p>Les donn\u00e9es que vous fournissez seront trait\u00e9es aux fins suivantes :<\/p>\n\n\n\n<ul class=\"wp-block-list\">\n<li>R\u00e9pondre \u00e0 vos questions ou demandes d'information.<\/li>\n\n\n\n<li>G\u00e9rer la passation des contrats de services que vous demandez.<\/li>\n\n\n\n<li>Respecter nos obligations l\u00e9gales et administratives.<\/li>\n<\/ul>\n\n\n\n<p>En aucun cas nous n'utiliserons vos donn\u00e9es \u00e0 d'autres fins que celles express\u00e9ment indiqu\u00e9es.<\/p>\n\n\n\n<h2 class=\"wp-block-heading\">Droits de l'utilisateur<\/h2>\n\n\n\n<p>En tant qu'utilisateur, vous avez le droit de :<\/p>\n\n\n\n<ul class=\"wp-block-list\">\n<li><strong>Acc\u00e8s :<\/strong> Conna\u00eetre les donn\u00e9es personnelles que nous traitons.<\/li>\n\n\n\n<li><strong>Correction :<\/strong> Corriger les donn\u00e9es inexactes ou incompl\u00e8tes.<\/li>\n\n\n\n<li><strong>Suppression (droit \u00e0 l'oubli) :<\/strong> Demander la suppression de vos donn\u00e9es lorsqu'elles ne sont plus n\u00e9cessaires.<\/li>\n\n\n\n<li><strong>Limitation :<\/strong> Restreindre le traitement dans certaines circonstances.<\/li>\n\n\n\n<li><strong>Portabilit\u00e9 :<\/strong> Recevoir vos donn\u00e9es dans un format structur\u00e9 et les transf\u00e9rer \u00e0 un autre responsable du traitement.<\/li>\n\n\n\n<li><strong>Opposition :<\/strong> s'opposer au traitement de vos donn\u00e9es pour des raisons personnelles.<\/li>\n<\/ul>\n\n\n\n<p>Pour exercer vos droits, vous pouvez adresser une demande \u00e0 <strong>info@opening-doors.eu<\/strong>accompagn\u00e9 d'une copie de votre carte d'identit\u00e9.<br><br>Si vous estimez que vos droits n'ont pas \u00e9t\u00e9 correctement pris en compte, vous pouvez d\u00e9poser une plainte aupr\u00e8s de la <strong>Agence espagnole de protection des donn\u00e9es<\/strong> (<a href=\"http:\/\/www.aepd.es\">www.aepd.es<\/a>).<\/p>","protected":false},"excerpt":{"rendered":"<p>En Opening Doors Apartments &amp; Villas SL estamos comprometidos con laprotecci\u00f3n de tus datos personales y el respeto a tu [&hellip;]<\/p>\n","protected":false},"author":1,"featured_media":0,"parent":0,"menu_order":0,"comment_status":"closed","ping_status":"closed","template":"","meta":{"_uag_custom_page_level_css":"","site-sidebar-layout":"default","site-content-layout":"","ast-site-content-layout":"narrow-width-container","site-content-style":"default","site-sidebar-style":"default","ast-global-header-display":"","ast-banner-title-visibility":"","ast-main-header-display":"","ast-hfb-above-header-display":"","ast-hfb-below-header-display":"","ast-hfb-mobile-header-display":"","site-post-title":"","ast-breadcrumbs-content":"","ast-featured-img":"","footer-sml-layout":"","ast-disable-related-posts":"","theme-transparent-header-meta":"","adv-header-id-meta":"","stick-header-meta":"","header-above-stick-meta":"","header-main-stick-meta":"","header-below-stick-meta":"","astra-migrate-meta-layouts":"default","ast-page-background-enabled":"default","ast-page-background-meta":{"desktop":{"background-color":"var(--ast-global-color-4)","background-image":"","background-repeat":"repeat","background-position":"center center","background-size":"auto","background-attachment":"scroll","background-type":"","background-media":"","overlay-type":"","overlay-color":"","overlay-opacity":"","overlay-gradient":""},"tablet":{"background-color":"","background-image":"","background-repeat":"repeat","background-position":"center center","background-size":"auto","background-attachment":"scroll","background-type":"","background-media":"","overlay-type":"","overlay-color":"","overlay-opacity":"","overlay-gradient":""},"mobile":{"background-color":"","background-image":"","background-repeat":"repeat","background-position":"center center","background-size":"auto","background-attachment":"scroll","background-type":"","background-media":"","overlay-type":"","overlay-color":"","overlay-opacity":"","overlay-gradient":""}},"ast-content-background-meta":{"desktop":{"background-color":"var(--ast-global-color-5)","background-image":"","background-repeat":"repeat","background-position":"center center","background-size":"auto","background-attachment":"scroll","background-type":"","background-media":"","overlay-type":"","overlay-color":"","overlay-opacity":"","overlay-gradient":""},"tablet":{"background-color":"var(--ast-global-color-5)","background-image":"","background-repeat":"repeat","background-position":"center center","background-size":"auto","background-attachment":"scroll","background-type":"","background-media":"","overlay-type":"","overlay-color":"","overlay-opacity":"","overlay-gradient":""},"mobile":{"background-color":"var(--ast-global-color-5)","background-image":"","background-repeat":"repeat","background-position":"center center","background-size":"auto","background-attachment":"scroll","background-type":"","background-media":"","overlay-type":"","overlay-color":"","overlay-opacity":"","overlay-gradient":""}},"footnotes":""},"class_list":["post-3","page","type-page","status-publish","hentry"],"yoast_head":"<!-- This site is optimized with the Yoast SEO plugin v27.5 - https:\/\/yoast.com\/product\/yoast-seo-wordpress\/ -->\n<title>Pol\u00edtica de privacidad - Opening Doors<\/title>\n<meta name=\"robots\" content=\"noindex, follow\" \/>\n<meta property=\"og:locale\" content=\"fr_FR\" \/>\n<meta property=\"og:type\" content=\"article\" \/>\n<meta property=\"og:title\" content=\"Pol\u00edtica de privacidad - Opening Doors\" \/>\n<meta property=\"og:description\" content=\"En Opening Doors Apartments &amp; Villas SL estamos comprometidos con laprotecci\u00f3n de tus datos personales y el respeto a tu [&hellip;]\" \/>\n<meta property=\"og:url\" content=\"https:\/\/opening-doors.eu\/fr\/politique-de-confidentialite\/\" \/>\n<meta property=\"og:site_name\" content=\"Opening Doors\" \/>\n<meta property=\"article:modified_time\" content=\"2024-12-01T19:45:19+00:00\" \/>\n<meta name=\"twitter:card\" content=\"summary_large_image\" \/>\n<meta name=\"twitter:label1\" content=\"Dur\u00e9e de lecture estim\u00e9e\" \/>\n\t<meta name=\"twitter:data1\" content=\"2 minutes\" \/>\n<script type=\"application\/ld+json\" class=\"yoast-schema-graph\">{\"@context\":\"https:\\\/\\\/schema.org\",\"@graph\":[{\"@type\":\"WebPage\",\"@id\":\"https:\\\/\\\/opening-doors.eu\\\/politica-privacidad\\\/\",\"url\":\"https:\\\/\\\/opening-doors.eu\\\/politica-privacidad\\\/\",\"name\":\"Pol\u00edtica de privacidad - Opening Doors\",\"isPartOf\":{\"@id\":\"https:\\\/\\\/opening-doors.eu\\\/#website\"},\"datePublished\":\"2024-09-06T08:03:15+00:00\",\"dateModified\":\"2024-12-01T19:45:19+00:00\",\"breadcrumb\":{\"@id\":\"https:\\\/\\\/opening-doors.eu\\\/politica-privacidad\\\/#breadcrumb\"},\"inLanguage\":\"fr-FR\",\"potentialAction\":[{\"@type\":\"ReadAction\",\"target\":[\"https:\\\/\\\/opening-doors.eu\\\/politica-privacidad\\\/\"]}]},{\"@type\":\"BreadcrumbList\",\"@id\":\"https:\\\/\\\/opening-doors.eu\\\/politica-privacidad\\\/#breadcrumb\",\"itemListElement\":[{\"@type\":\"ListItem\",\"position\":1,\"name\":\"Inicio\",\"item\":\"https:\\\/\\\/opening-doors.eu\\\/\"},{\"@type\":\"ListItem\",\"position\":2,\"name\":\"Pol\u00edtica de privacidad\"}]},{\"@type\":\"WebSite\",\"@id\":\"https:\\\/\\\/opening-doors.eu\\\/#website\",\"url\":\"https:\\\/\\\/opening-doors.eu\\\/\",\"name\":\"Opening Doors\",\"description\":\"\",\"publisher\":{\"@id\":\"https:\\\/\\\/opening-doors.eu\\\/#organization\"},\"potentialAction\":[{\"@type\":\"SearchAction\",\"target\":{\"@type\":\"EntryPoint\",\"urlTemplate\":\"https:\\\/\\\/opening-doors.eu\\\/?s={search_term_string}\"},\"query-input\":{\"@type\":\"PropertyValueSpecification\",\"valueRequired\":true,\"valueName\":\"search_term_string\"}}],\"inLanguage\":\"fr-FR\"},{\"@type\":\"Organization\",\"@id\":\"https:\\\/\\\/opening-doors.eu\\\/#organization\",\"name\":\"Opening Doors\",\"url\":\"https:\\\/\\\/opening-doors.eu\\\/\",\"logo\":{\"@type\":\"ImageObject\",\"inLanguage\":\"fr-FR\",\"@id\":\"https:\\\/\\\/opening-doors.eu\\\/#\\\/schema\\\/logo\\\/image\\\/\",\"url\":\"https:\\\/\\\/opening-doors.eu\\\/wp-content\\\/uploads\\\/2026\\\/04\\\/logo_OD_web_02.png\",\"contentUrl\":\"https:\\\/\\\/opening-doors.eu\\\/wp-content\\\/uploads\\\/2026\\\/04\\\/logo_OD_web_02.png\",\"width\":215,\"height\":108,\"caption\":\"Opening Doors\"},\"image\":{\"@id\":\"https:\\\/\\\/opening-doors.eu\\\/#\\\/schema\\\/logo\\\/image\\\/\"}}]}<\/script>\n<!-- \/ Yoast SEO plugin. -->","yoast_head_json":{"title":"Politique de confidentialit\u00e9 - Opening Doors","robots":{"index":"noindex","follow":"follow"},"og_locale":"fr_FR","og_type":"article","og_title":"Pol\u00edtica de privacidad - Opening Doors","og_description":"En Opening Doors Apartments &amp; Villas SL estamos comprometidos con laprotecci\u00f3n de tus datos personales y el respeto a tu [&hellip;]","og_url":"https:\/\/opening-doors.eu\/fr\/politique-de-confidentialite\/","og_site_name":"Opening Doors","article_modified_time":"2024-12-01T19:45:19+00:00","twitter_card":"summary_large_image","twitter_misc":{"Dur\u00e9e de lecture estim\u00e9e":"2 minutes"},"schema":{"@context":"https:\/\/schema.org","@graph":[{"@type":"WebPage","@id":"https:\/\/opening-doors.eu\/politica-privacidad\/","url":"https:\/\/opening-doors.eu\/politica-privacidad\/","name":"Politique de confidentialit\u00e9 - Opening Doors","isPartOf":{"@id":"https:\/\/opening-doors.eu\/#website"},"datePublished":"2024-09-06T08:03:15+00:00","dateModified":"2024-12-01T19:45:19+00:00","breadcrumb":{"@id":"https:\/\/opening-doors.eu\/politica-privacidad\/#breadcrumb"},"inLanguage":"fr-FR","potentialAction":[{"@type":"ReadAction","target":["https:\/\/opening-doors.eu\/politica-privacidad\/"]}]},{"@type":"BreadcrumbList","@id":"https:\/\/opening-doors.eu\/politica-privacidad\/#breadcrumb","itemListElement":[{"@type":"ListItem","position":1,"name":"Inicio","item":"https:\/\/opening-doors.eu\/"},{"@type":"ListItem","position":2,"name":"Pol\u00edtica de privacidad"}]},{"@type":"WebSite","@id":"https:\/\/opening-doors.eu\/#website","url":"https:\/\/opening-doors.eu\/","name":"Opening Doors","description":"","publisher":{"@id":"https:\/\/opening-doors.eu\/#organization"},"potentialAction":[{"@type":"SearchAction","target":{"@type":"EntryPoint","urlTemplate":"https:\/\/opening-doors.eu\/?s={search_term_string}"},"query-input":{"@type":"PropertyValueSpecification","valueRequired":true,"valueName":"search_term_string"}}],"inLanguage":"fr-FR"},{"@type":"Organization","@id":"https:\/\/opening-doors.eu\/#organization","name":"Opening Doors","url":"https:\/\/opening-doors.eu\/","logo":{"@type":"ImageObject","inLanguage":"fr-FR","@id":"https:\/\/opening-doors.eu\/#\/schema\/logo\/image\/","url":"https:\/\/opening-doors.eu\/wp-content\/uploads\/2026\/04\/logo_OD_web_02.png","contentUrl":"https:\/\/opening-doors.eu\/wp-content\/uploads\/2026\/04\/logo_OD_web_02.png","width":215,"height":108,"caption":"Opening Doors"},"image":{"@id":"https:\/\/opening-doors.eu\/#\/schema\/logo\/image\/"}}]}},"uagb_featured_image_src":{"full":false,"thumbnail":false,"medium":false,"medium_large":false,"large":false,"1536x1536":false,"2048x2048":false,"trp-custom-language-flag":false},"uagb_author_info":{"display_name":"mondo","author_link":"https:\/\/opening-doors.eu\/fr\/author\/mondo\/"},"uagb_comment_info":0,"uagb_excerpt":"En Opening Doors Apartments &amp; Villas SL estamos comprometidos con laprotecci\u00f3n de tus datos personales y el respeto a tu [&hellip;]","_links":{"self":[{"href":"https:\/\/opening-doors.eu\/fr\/wp-json\/wp\/v2\/pages\/3","targetHints":{"allow":["GET"]}}],"collection":[{"href":"https:\/\/opening-doors.eu\/fr\/wp-json\/wp\/v2\/pages"}],"about":[{"href":"https:\/\/opening-doors.eu\/fr\/wp-json\/wp\/v2\/types\/page"}],"author":[{"embeddable":true,"href":"https:\/\/opening-doors.eu\/fr\/wp-json\/wp\/v2\/users\/1"}],"replies":[{"embeddable":true,"href":"https:\/\/opening-doors.eu\/fr\/wp-json\/wp\/v2\/comments?post=3"}],"version-history":[{"count":19,"href":"https:\/\/opening-doors.eu\/fr\/wp-json\/wp\/v2\/pages\/3\/revisions"}],"predecessor-version":[{"id":4446,"href":"https:\/\/opening-doors.eu\/fr\/wp-json\/wp\/v2\/pages\/3\/revisions\/4446"}],"wp:attachment":[{"href":"https:\/\/opening-doors.eu\/fr\/wp-json\/wp\/v2\/media?parent=3"}],"curies":[{"name":"wp","href":"https:\/\/api.w.org\/{rel}","templated":true}]}}