{"id":378,"date":"2024-09-16T14:49:16","date_gmt":"2024-09-16T14:49:16","guid":{"rendered":"https:\/\/opening-doors.eu\/?page_id=378"},"modified":"2024-12-04T19:44:52","modified_gmt":"2024-12-04T19:44:52","slug":"personal-shopper-immobilier","status":"publish","type":"page","link":"https:\/\/opening-doors.eu\/fr\/personal-shopper-immobilier\/","title":{"rendered":"Personal shopper immobilier"},"content":{"rendered":"<div class=\"wp-block-uagb-container uagb-block-f841cf80 alignfull uagb-is-root-container\"><div class=\"uagb-container-inner-blocks-wrap\">\n<div class=\"wp-block-uagb-container uagb-block-01a3846f\">\n<div class=\"wp-block-uagb-advanced-heading uagb-block-3af4fa5a\"><h1 class=\"uagb-heading-text\">Personal shopper immobilier<\/h1><\/div>\n<\/div>\n\n\n\n<div class=\"wp-block-uagb-container uagb-block-02717772\">\n<div class=\"wp-block-uagb-advanced-heading uagb-block-3f156296 h2-title\"><h3 class=\"uagb-heading-text\">Vous souhaitez acheter une propri\u00e9t\u00e9 \u00e0 Barcelone ?<\/h3><\/div>\n<\/div>\n\n\n\n<div class=\"wp-block-uagb-container uagb-block-bdf64e2d alignfull uagb-is-root-container\"><div class=\"uagb-container-inner-blocks-wrap\">\n<div class=\"wp-block-uagb-advanced-heading uagb-block-b3f6451b\"><p class=\"uagb-heading-text\"><strong>Chez Opening Doors nous vous accompagnons dans la recherche et la s\u00e9lection du bien, qu&#039;il soit \u00e0 habiter, \u00e0 utiliser comme r\u00e9sidence secondaire ou comme investissement.<\/strong><\/p><\/div>\n<\/div><\/div>\n<\/div><\/div>\n\n\n\n<div class=\"wp-block-uagb-container uagb-block-51bd76ef alignfull uagb-is-root-container\"><div class=\"uagb-container-inner-blocks-wrap\">\n<div class=\"wp-block-uagb-advanced-heading uagb-block-1297209e\"><h2 class=\"uagb-heading-text\">Nous proposons nos services en cinq phases de travail :<\/h2><\/div>\n<\/div><\/div>\n\n\n\n<div data-aos= \"fade\" data-aos-duration=\"400\" data-aos-delay=\"0\" data-aos-easing=\"ease\" data-aos-once=\"true\" class=\"wp-block-uagb-container uagb-block-54925da6 alignfull uagb-is-root-container\"><div class=\"uagb-container-inner-blocks-wrap\">\n<div class=\"wp-block-uagb-content-timeline uagb-timeline__outer-wrap uagb-block-bd1400f9 uagb-timeline__content-wrap uagb-timeline__center-block  uagb-timeline__arrow-center uagb-timeline\">\n<article class=\"wp-block-uagb-content-timeline-child uagb-timeline__field uagb-timeline-child-4e75822d uagb-timeline__right\"><div class=\"uagb-timeline__marker out-view-uagb-timeline__icon\"><svg xmlns=\"https:\/\/www.w3.org\/2000\/svg\" viewbox=\"0 0 448 512\"><path d=\"M160 32V64H288V32C288 14.33 302.3 0 320 0C337.7 0 352 14.33 352 32V64H400C426.5 64 448 85.49 448 112V160H0V112C0 85.49 21.49 64 48 64H96V32C96 14.33 110.3 0 128 0C145.7 0 160 14.33 160 32zM0 192H448V464C448 490.5 426.5 512 400 512H48C21.49 512 0 490.5 0 464V192zM328.1 304.1C338.3 295.6 338.3 280.4 328.1 271C319.6 261.7 304.4 261.7 295 271L200 366.1L152.1 319C143.6 309.7 128.4 309.7 119 319C109.7 328.4 109.7 343.6 119 352.1L183 416.1C192.4 426.3 207.6 426.3 216.1 416.1L328.1 304.1z\"><\/path><\/svg><\/div><div class=\"uagb-timeline__day-new uagb-timeline__day-right uagb-timeline__events-inner-new\"><div class=\"uagb-timeline__events-inner--content\"><h3 class=\"uagb-timeline__heading\">Phase d&#039;analyse<\/h3><p class=\"uagb-timeline-desc-content\">Nous d\u00e9finissons l&#039;objectif de l&#039;achat (maison ou investissement...), les besoins et exigences<br>sp\u00e9cifiques au bien (localisation, caract\u00e9ristiques, budget, etc.).<\/p><div class=\"uagb-timeline__arrow\"><\/div><\/div><\/div><div class=\"uagb-timeline__date-new\"><\/div><\/article>\n\n\n\n<article class=\"wp-block-uagb-content-timeline-child uagb-timeline__field uagb-timeline-child-d81a8a80 uagb-timeline__left\"><div class=\"uagb-timeline__marker out-view-uagb-timeline__icon\"><svg xmlns=\"https:\/\/www.w3.org\/2000\/svg\" viewbox=\"0 0 448 512\"><path d=\"M160 32V64H288V32C288 14.33 302.3 0 320 0C337.7 0 352 14.33 352 32V64H400C426.5 64 448 85.49 448 112V160H0V112C0 85.49 21.49 64 48 64H96V32C96 14.33 110.3 0 128 0C145.7 0 160 14.33 160 32zM0 192H448V464C448 490.5 426.5 512 400 512H48C21.49 512 0 490.5 0 464V192zM328.1 304.1C338.3 295.6 338.3 280.4 328.1 271C319.6 261.7 304.4 261.7 295 271L200 366.1L152.1 319C143.6 309.7 128.4 309.7 119 319C109.7 328.4 109.7 343.6 119 352.1L183 416.1C192.4 426.3 207.6 426.3 216.1 416.1L328.1 304.1z\"><\/path><\/svg><\/div><div class=\"uagb-timeline__day-new uagb-timeline__day-left uagb-timeline__events-inner-new\"><div class=\"uagb-timeline__events-inner--content\"><h3 class=\"uagb-timeline__heading\">Phase de s\u00e9lection<\/h3><p class=\"uagb-timeline-desc-content\">Nous analysons le march\u00e9 et s\u00e9lectionnons les biens r\u00e9pondant aux crit\u00e8res pr\u00e9alablement d\u00e9finis avec le client.<\/p><div class=\"uagb-timeline__arrow\"><\/div><\/div><\/div><div class=\"uagb-timeline__date-new\"><\/div><\/article>\n\n\n\n<article class=\"wp-block-uagb-content-timeline-child uagb-timeline__field uagb-timeline-child-91cde4c4 uagb-timeline__right\"><div class=\"uagb-timeline__marker out-view-uagb-timeline__icon\"><svg xmlns=\"https:\/\/www.w3.org\/2000\/svg\" viewbox=\"0 0 448 512\"><path d=\"M160 32V64H288V32C288 14.33 302.3 0 320 0C337.7 0 352 14.33 352 32V64H400C426.5 64 448 85.49 448 112V160H0V112C0 85.49 21.49 64 48 64H96V32C96 14.33 110.3 0 128 0C145.7 0 160 14.33 160 32zM0 192H448V464C448 490.5 426.5 512 400 512H48C21.49 512 0 490.5 0 464V192zM328.1 304.1C338.3 295.6 338.3 280.4 328.1 271C319.6 261.7 304.4 261.7 295 271L200 366.1L152.1 319C143.6 309.7 128.4 309.7 119 319C109.7 328.4 109.7 343.6 119 352.1L183 416.1C192.4 426.3 207.6 426.3 216.1 416.1L328.1 304.1z\"><\/path><\/svg><\/div><div class=\"uagb-timeline__day-new uagb-timeline__day-right uagb-timeline__events-inner-new\"><div class=\"uagb-timeline__events-inner--content\"><h3 class=\"uagb-timeline__heading\">Phase de visite<\/h3><p class=\"uagb-timeline-desc-content\">Nous effectuons une premi\u00e8re visite pour proposer une \u00e9valuation d\u00e9taill\u00e9e de chaque option.<br>Nous accompagnons le client lors de la deuxi\u00e8me visite afin qu&#039;il prenne la d\u00e9cision finale.<\/p><div class=\"uagb-timeline__arrow\"><\/div><\/div><\/div><div class=\"uagb-timeline__date-new\"><\/div><\/article>\n\n\n\n<article class=\"wp-block-uagb-content-timeline-child uagb-timeline__field uagb-timeline-child-ef3fd346 uagb-timeline__left\"><div class=\"uagb-timeline__marker out-view-uagb-timeline__icon\"><svg xmlns=\"https:\/\/www.w3.org\/2000\/svg\" viewbox=\"0 0 448 512\"><path d=\"M160 32V64H288V32C288 14.33 302.3 0 320 0C337.7 0 352 14.33 352 32V64H400C426.5 64 448 85.49 448 112V160H0V112C0 85.49 21.49 64 48 64H96V32C96 14.33 110.3 0 128 0C145.7 0 160 14.33 160 32zM0 192H448V464C448 490.5 426.5 512 400 512H48C21.49 512 0 490.5 0 464V192zM328.1 304.1C338.3 295.6 338.3 280.4 328.1 271C319.6 261.7 304.4 261.7 295 271L200 366.1L152.1 319C143.6 309.7 128.4 309.7 119 319C109.7 328.4 109.7 343.6 119 352.1L183 416.1C192.4 426.3 207.6 426.3 216.1 416.1L328.1 304.1z\"><\/path><\/svg><\/div><div class=\"uagb-timeline__day-new uagb-timeline__day-left uagb-timeline__events-inner-new\"><div class=\"uagb-timeline__events-inner--content\"><h3 class=\"uagb-timeline__heading\">Phase de n\u00e9gociation et d\u2019achat<\/h3><p class=\"uagb-timeline-desc-content\">Une fois le bien choisi, la n\u00e9gociation des meilleures conditions et<br>Nous g\u00e9rons toutes les proc\u00e9dures juridiques et fiscales n\u00e9cessaires, en v\u00e9rifiant le respect de toutes les r\u00e9glementations locales.<\/p><div class=\"uagb-timeline__arrow\"><\/div><\/div><\/div><div class=\"uagb-timeline__date-new\"><\/div><\/article>\n\n\n\n<article class=\"wp-block-uagb-content-timeline-child uagb-timeline__field uagb-timeline-child-b0acba51 uagb-timeline__right\"><div class=\"uagb-timeline__marker out-view-uagb-timeline__icon\"><svg xmlns=\"https:\/\/www.w3.org\/2000\/svg\" viewbox=\"0 0 448 512\"><path d=\"M160 32V64H288V32C288 14.33 302.3 0 320 0C337.7 0 352 14.33 352 32V64H400C426.5 64 448 85.49 448 112V160H0V112C0 85.49 21.49 64 48 64H96V32C96 14.33 110.3 0 128 0C145.7 0 160 14.33 160 32zM0 192H448V464C448 490.5 426.5 512 400 512H48C21.49 512 0 490.5 0 464V192zM328.1 304.1C338.3 295.6 338.3 280.4 328.1 271C319.6 261.7 304.4 261.7 295 271L200 366.1L152.1 319C143.6 309.7 128.4 309.7 119 319C109.7 328.4 109.7 343.6 119 352.1L183 416.1C192.4 426.3 207.6 426.3 216.1 416.1L328.1 304.1z\"><\/path><\/svg><\/div><div class=\"uagb-timeline__day-new uagb-timeline__day-right uagb-timeline__events-inner-new\"><div class=\"uagb-timeline__events-inner--content\"><h3 class=\"uagb-timeline__heading\">Phase post-achat<\/h3><p class=\"uagb-timeline-desc-content\">Nous g\u00e9rons le changement de propri\u00e9taire des fournitures, nous vous aidons dans la r\u00e9novation et l&#039;am\u00e9nagement de votre maison, ainsi que dans la gestion locative compl\u00e8te.<\/p><div class=\"uagb-timeline__arrow\"><\/div><\/div><\/div><div class=\"uagb-timeline__date-new\"><\/div><\/article>\n<div class=\"uagb-timeline__line\"><div class=\"uagb-timeline__line__inner\"><\/div><\/div><\/div>\n<\/div><\/div>\n\n\n\n<div class=\"wp-block-uagb-container uagb-block-fea1c59a alignfull uagb-is-root-container\"><div class=\"uagb-container-inner-blocks-wrap\">\n<div class=\"wp-block-uagb-advanced-heading uagb-block-bf032c1d\"><h2 class=\"uagb-heading-text\">Pourquoi faire appel \u00e0 un personal shopper immobilier ?<\/h2><\/div>\n\n\n\n<div class=\"wp-block-uagb-icon-list uagb-block-2f1577d0\"><div class=\"uagb-icon-list__wrap\">\n<div class=\"wp-block-uagb-icon-list-child uagb-block-3ae79e4f\"><span class=\"uagb-icon-list__source-wrap\"><img decoding=\"async\" class=\"uagb-icon-list__source-image\" src=\"https:\/\/opening-doors.eu\/wp-content\/uploads\/2024\/09\/Vector-7.png\" width=\"16\" height=\"16\" loading=\"lazy\" alt=\"\"\/><\/span><span class=\"uagb-icon-list__label\">Parce que vous \u00e9conomisez du temps et des efforts.<\/span><\/div>\n\n\n\n<div class=\"wp-block-uagb-icon-list-child uagb-block-9e3727f5\"><span class=\"uagb-icon-list__source-wrap\"><img decoding=\"async\" class=\"uagb-icon-list__source-image\" src=\"https:\/\/opening-doors.eu\/wp-content\/uploads\/2024\/09\/Vector-7.png\" width=\"16\" height=\"16\" loading=\"lazy\" alt=\"\"\/><\/span><span class=\"uagb-icon-list__label\">Parce que nous connaissons le march\u00e9 et que nous obtenons le meilleur prix.<\/span><\/div>\n\n\n\n<div class=\"wp-block-uagb-icon-list-child uagb-block-14814681\"><span class=\"uagb-icon-list__source-wrap\"><img decoding=\"async\" class=\"uagb-icon-list__source-image\" src=\"https:\/\/opening-doors.eu\/wp-content\/uploads\/2024\/09\/Vector-7.png\" width=\"16\" height=\"16\" loading=\"lazy\" alt=\"\"\/><\/span><span class=\"uagb-icon-list__label\">Parce que nous nous occupons des d\u00e9marches et des documents.<\/span><\/div>\n<\/div><\/div>\n\n\n\n<div class=\"wp-block-uagb-buttons uagb-buttons__outer-wrap uagb-btn__default-btn uagb-btn-tablet__default-btn uagb-btn-mobile__default-btn uagb-block-30d1a2d4\"><div class=\"uagb-buttons__wrap uagb-buttons-layout-wrap\">\n<div class=\"wp-block-uagb-buttons-child uagb-buttons__outer-wrap uagb-block-6c95850f wp-block-button\"><div class=\"uagb-button__wrapper\"><a class=\"uagb-buttons-repeater wp-block-button__link\" aria-label=\"\" href=\"#\" rel=\"follow noopener\" target=\"_self\" role=\"button\"><div class=\"uagb-button__link\">CONTACT<\/div><\/a><\/div><\/div>\n<\/div><\/div>\n<\/div><\/div>","protected":false},"excerpt":{"rendered":"<p>Personal shopper inmobiliario \u00bfQuieres comprar un inmueble en Barcelona? Desde Opening Doors te acompa\u00f1amos en la b\u00fasqueda y selecci\u00f3n de [&hellip;]<\/p>\n","protected":false},"author":1,"featured_media":49,"parent":0,"menu_order":0,"comment_status":"closed","ping_status":"closed","template":"","meta":{"_uag_custom_page_level_css":"","site-sidebar-layout":"default","site-content-layout":"","ast-site-content-layout":"default","site-content-style":"default","site-sidebar-style":"default","ast-global-header-display":"","ast-banner-title-visibility":"","ast-main-header-display":"","ast-hfb-above-header-display":"","ast-hfb-below-header-display":"","ast-hfb-mobile-header-display":"","site-post-title":"disabled","ast-breadcrumbs-content":"","ast-featured-img":"","footer-sml-layout":"","ast-disable-related-posts":"","theme-transparent-header-meta":"","adv-header-id-meta":"","stick-header-meta":"","header-above-stick-meta":"","header-main-stick-meta":"","header-below-stick-meta":"","astra-migrate-meta-layouts":"default","ast-page-background-enabled":"default","ast-page-background-meta":{"desktop":{"background-color":"var(--ast-global-color-4)","background-image":"","background-repeat":"repeat","background-position":"center center","background-size":"auto","background-attachment":"scroll","background-type":"","background-media":"","overlay-type":"","overlay-color":"","overlay-opacity":"","overlay-gradient":""},"tablet":{"background-color":"","background-image":"","background-repeat":"repeat","background-position":"center center","background-size":"auto","background-attachment":"scroll","background-type":"","background-media":"","overlay-type":"","overlay-color":"","overlay-opacity":"","overlay-gradient":""},"mobile":{"background-color":"","background-image":"","background-repeat":"repeat","background-position":"center center","background-size":"auto","background-attachment":"scroll","background-type":"","background-media":"","overlay-type":"","overlay-color":"","overlay-opacity":"","overlay-gradient":""}},"ast-content-background-meta":{"desktop":{"background-color":"var(--ast-global-color-5)","background-image":"","background-repeat":"repeat","background-position":"center center","background-size":"auto","background-attachment":"scroll","background-type":"","background-media":"","overlay-type":"","overlay-color":"","overlay-opacity":"","overlay-gradient":""},"tablet":{"background-color":"var(--ast-global-color-5)","background-image":"","background-repeat":"repeat","background-position":"center center","background-size":"auto","background-attachment":"scroll","background-type":"","background-media":"","overlay-type":"","overlay-color":"","overlay-opacity":"","overlay-gradient":""},"mobile":{"background-color":"var(--ast-global-color-5)","background-image":"","background-repeat":"repeat","background-position":"center center","background-size":"auto","background-attachment":"scroll","background-type":"","background-media":"","overlay-type":"","overlay-color":"","overlay-opacity":"","overlay-gradient":""}},"footnotes":""},"class_list":["post-378","page","type-page","status-publish","has-post-thumbnail","hentry"],"yoast_head":"<!-- This site is optimized with the Yoast SEO plugin v27.2 - https:\/\/yoast.com\/product\/yoast-seo-wordpress\/ -->\n<title>Personal shopper inmobiliario en Barcelona - Opening Doors<\/title>\n<meta name=\"description\" content=\"\u00bfQuieres comprar un inmueble en Barcelona? En Opening Doors te guiamos en la b\u00fasqueda, ya sea para vivir, como segunda residencia o inversi\u00f3n.\" \/>\n<meta name=\"robots\" content=\"index, follow, max-snippet:-1, max-image-preview:large, max-video-preview:-1\" \/>\n<link rel=\"canonical\" href=\"https:\/\/opening-doors.eu\/fr\/personal-shopper-immobilier\/\" \/>\n<meta property=\"og:locale\" content=\"fr_FR\" \/>\n<meta property=\"og:type\" content=\"article\" \/>\n<meta property=\"og:title\" content=\"Personal shopper inmobiliario en Barcelona - Opening Doors\" \/>\n<meta property=\"og:description\" content=\"\u00bfQuieres comprar un inmueble en Barcelona? En Opening Doors te guiamos en la b\u00fasqueda, ya sea para vivir, como segunda residencia o inversi\u00f3n.\" \/>\n<meta property=\"og:url\" content=\"https:\/\/opening-doors.eu\/fr\/personal-shopper-immobilier\/\" \/>\n<meta property=\"og:site_name\" content=\"Opening Doors\" \/>\n<meta property=\"article:modified_time\" content=\"2024-12-04T19:44:52+00:00\" \/>\n<meta property=\"og:image\" content=\"https:\/\/opening-doors.eu\/wp-content\/uploads\/2024\/09\/perfils-socials-trans.png\" \/>\n\t<meta property=\"og:image:width\" content=\"300\" \/>\n\t<meta property=\"og:image:height\" content=\"300\" \/>\n\t<meta property=\"og:image:type\" content=\"image\/png\" \/>\n<meta name=\"twitter:card\" content=\"summary_large_image\" \/>\n<meta name=\"twitter:label1\" content=\"Dur\u00e9e de lecture estim\u00e9e\" \/>\n\t<meta name=\"twitter:data1\" content=\"2 minutes\" \/>\n<script type=\"application\/ld+json\" class=\"yoast-schema-graph\">{\"@context\":\"https:\/\/schema.org\",\"@graph\":[{\"@type\":\"WebPage\",\"@id\":\"https:\/\/opening-doors.eu\/personal-shopper-inmobiliario\/\",\"url\":\"https:\/\/opening-doors.eu\/personal-shopper-inmobiliario\/\",\"name\":\"Personal shopper inmobiliario en Barcelona - Opening Doors\",\"isPartOf\":{\"@id\":\"https:\/\/opening-doors.eu\/#website\"},\"primaryImageOfPage\":{\"@id\":\"https:\/\/opening-doors.eu\/personal-shopper-inmobiliario\/#primaryimage\"},\"image\":{\"@id\":\"https:\/\/opening-doors.eu\/personal-shopper-inmobiliario\/#primaryimage\"},\"thumbnailUrl\":\"https:\/\/opening-doors.eu\/wp-content\/uploads\/2024\/09\/perfils-socials-trans.png\",\"datePublished\":\"2024-09-16T14:49:16+00:00\",\"dateModified\":\"2024-12-04T19:44:52+00:00\",\"description\":\"\u00bfQuieres comprar un inmueble en Barcelona? En Opening Doors te guiamos en la b\u00fasqueda, ya sea para vivir, como segunda residencia o inversi\u00f3n.\",\"breadcrumb\":{\"@id\":\"https:\/\/opening-doors.eu\/personal-shopper-inmobiliario\/#breadcrumb\"},\"inLanguage\":\"fr-FR\",\"potentialAction\":[{\"@type\":\"ReadAction\",\"target\":[\"https:\/\/opening-doors.eu\/personal-shopper-inmobiliario\/\"]}]},{\"@type\":\"ImageObject\",\"inLanguage\":\"fr-FR\",\"@id\":\"https:\/\/opening-doors.eu\/personal-shopper-inmobiliario\/#primaryimage\",\"url\":\"https:\/\/opening-doors.eu\/wp-content\/uploads\/2024\/09\/perfils-socials-trans.png\",\"contentUrl\":\"https:\/\/opening-doors.eu\/wp-content\/uploads\/2024\/09\/perfils-socials-trans.png\",\"width\":300,\"height\":300},{\"@type\":\"BreadcrumbList\",\"@id\":\"https:\/\/opening-doors.eu\/personal-shopper-inmobiliario\/#breadcrumb\",\"itemListElement\":[{\"@type\":\"ListItem\",\"position\":1,\"name\":\"Inicio\",\"item\":\"https:\/\/opening-doors.eu\/\"},{\"@type\":\"ListItem\",\"position\":2,\"name\":\"Personal shopper inmobiliario\"}]},{\"@type\":\"WebSite\",\"@id\":\"https:\/\/opening-doors.eu\/#website\",\"url\":\"https:\/\/opening-doors.eu\/\",\"name\":\"Opening Doors\",\"description\":\"\",\"publisher\":{\"@id\":\"https:\/\/opening-doors.eu\/#organization\"},\"potentialAction\":[{\"@type\":\"SearchAction\",\"target\":{\"@type\":\"EntryPoint\",\"urlTemplate\":\"https:\/\/opening-doors.eu\/?s={search_term_string}\"},\"query-input\":{\"@type\":\"PropertyValueSpecification\",\"valueRequired\":true,\"valueName\":\"search_term_string\"}}],\"inLanguage\":\"fr-FR\"},{\"@type\":\"Organization\",\"@id\":\"https:\/\/opening-doors.eu\/#organization\",\"name\":\"Opening Doors\",\"url\":\"https:\/\/opening-doors.eu\/\",\"logo\":{\"@type\":\"ImageObject\",\"inLanguage\":\"fr-FR\",\"@id\":\"https:\/\/opening-doors.eu\/#\/schema\/logo\/image\/\",\"url\":\"https:\/\/opening-doors.eu\/wp-content\/uploads\/2024\/09\/logo-openingdoors.png\",\"contentUrl\":\"https:\/\/opening-doors.eu\/wp-content\/uploads\/2024\/09\/logo-openingdoors.png\",\"width\":200,\"height\":118,\"caption\":\"Opening Doors\"},\"image\":{\"@id\":\"https:\/\/opening-doors.eu\/#\/schema\/logo\/image\/\"}}]}<\/script>\n<!-- \/ Yoast SEO plugin. -->","yoast_head_json":{"title":"Personal shopper immobilier \u00e0 Barcelone - Opening Doors","description":"Vous souhaitez acheter une propri\u00e9t\u00e9 \u00e0 Barcelone ? Chez Opening Doors nous vous guidons dans votre recherche, que ce soit pour vivre, comme r\u00e9sidence secondaire ou comme investissement.","robots":{"index":"index","follow":"follow","max-snippet":"max-snippet:-1","max-image-preview":"max-image-preview:large","max-video-preview":"max-video-preview:-1"},"canonical":"https:\/\/opening-doors.eu\/fr\/personal-shopper-immobilier\/","og_locale":"fr_FR","og_type":"article","og_title":"Personal shopper inmobiliario en Barcelona - Opening Doors","og_description":"\u00bfQuieres comprar un inmueble en Barcelona? En Opening Doors te guiamos en la b\u00fasqueda, ya sea para vivir, como segunda residencia o inversi\u00f3n.","og_url":"https:\/\/opening-doors.eu\/fr\/personal-shopper-immobilier\/","og_site_name":"Opening Doors","article_modified_time":"2024-12-04T19:44:52+00:00","og_image":[{"width":300,"height":300,"url":"https:\/\/opening-doors.eu\/wp-content\/uploads\/2024\/09\/perfils-socials-trans.png","type":"image\/png"}],"twitter_card":"summary_large_image","twitter_misc":{"Dur\u00e9e de lecture estim\u00e9e":"2 minutes"},"schema":{"@context":"https:\/\/schema.org","@graph":[{"@type":"WebPage","@id":"https:\/\/opening-doors.eu\/personal-shopper-inmobiliario\/","url":"https:\/\/opening-doors.eu\/personal-shopper-inmobiliario\/","name":"Personal shopper immobilier \u00e0 Barcelone - Opening Doors","isPartOf":{"@id":"https:\/\/opening-doors.eu\/#website"},"primaryImageOfPage":{"@id":"https:\/\/opening-doors.eu\/personal-shopper-inmobiliario\/#primaryimage"},"image":{"@id":"https:\/\/opening-doors.eu\/personal-shopper-inmobiliario\/#primaryimage"},"thumbnailUrl":"https:\/\/opening-doors.eu\/wp-content\/uploads\/2024\/09\/perfils-socials-trans.png","datePublished":"2024-09-16T14:49:16+00:00","dateModified":"2024-12-04T19:44:52+00:00","description":"Vous souhaitez acheter une propri\u00e9t\u00e9 \u00e0 Barcelone ? Chez Opening Doors nous vous guidons dans votre recherche, que ce soit pour vivre, comme r\u00e9sidence secondaire ou comme investissement.","breadcrumb":{"@id":"https:\/\/opening-doors.eu\/personal-shopper-inmobiliario\/#breadcrumb"},"inLanguage":"fr-FR","potentialAction":[{"@type":"ReadAction","target":["https:\/\/opening-doors.eu\/personal-shopper-inmobiliario\/"]}]},{"@type":"ImageObject","inLanguage":"fr-FR","@id":"https:\/\/opening-doors.eu\/personal-shopper-inmobiliario\/#primaryimage","url":"https:\/\/opening-doors.eu\/wp-content\/uploads\/2024\/09\/perfils-socials-trans.png","contentUrl":"https:\/\/opening-doors.eu\/wp-content\/uploads\/2024\/09\/perfils-socials-trans.png","width":300,"height":300},{"@type":"BreadcrumbList","@id":"https:\/\/opening-doors.eu\/personal-shopper-inmobiliario\/#breadcrumb","itemListElement":[{"@type":"ListItem","position":1,"name":"Inicio","item":"https:\/\/opening-doors.eu\/"},{"@type":"ListItem","position":2,"name":"Personal shopper inmobiliario"}]},{"@type":"WebSite","@id":"https:\/\/opening-doors.eu\/#website","url":"https:\/\/opening-doors.eu\/","name":"Opening Doors","description":"","publisher":{"@id":"https:\/\/opening-doors.eu\/#organization"},"potentialAction":[{"@type":"SearchAction","target":{"@type":"EntryPoint","urlTemplate":"https:\/\/opening-doors.eu\/?s={search_term_string}"},"query-input":{"@type":"PropertyValueSpecification","valueRequired":true,"valueName":"search_term_string"}}],"inLanguage":"fr-FR"},{"@type":"Organization","@id":"https:\/\/opening-doors.eu\/#organization","name":"Opening Doors","url":"https:\/\/opening-doors.eu\/","logo":{"@type":"ImageObject","inLanguage":"fr-FR","@id":"https:\/\/opening-doors.eu\/#\/schema\/logo\/image\/","url":"https:\/\/opening-doors.eu\/wp-content\/uploads\/2024\/09\/logo-openingdoors.png","contentUrl":"https:\/\/opening-doors.eu\/wp-content\/uploads\/2024\/09\/logo-openingdoors.png","width":200,"height":118,"caption":"Opening Doors"},"image":{"@id":"https:\/\/opening-doors.eu\/#\/schema\/logo\/image\/"}}]}},"uagb_featured_image_src":{"full":["https:\/\/opening-doors.eu\/wp-content\/uploads\/2024\/09\/perfils-socials-trans.png",300,300,false],"thumbnail":["https:\/\/opening-doors.eu\/wp-content\/uploads\/2024\/09\/perfils-socials-trans-150x150.png",150,150,true],"medium":["https:\/\/opening-doors.eu\/wp-content\/uploads\/2024\/09\/perfils-socials-trans.png",300,300,false],"medium_large":["https:\/\/opening-doors.eu\/wp-content\/uploads\/2024\/09\/perfils-socials-trans.png",300,300,false],"large":["https:\/\/opening-doors.eu\/wp-content\/uploads\/2024\/09\/perfils-socials-trans.png",300,300,false],"1536x1536":["https:\/\/opening-doors.eu\/wp-content\/uploads\/2024\/09\/perfils-socials-trans.png",300,300,false],"2048x2048":["https:\/\/opening-doors.eu\/wp-content\/uploads\/2024\/09\/perfils-socials-trans.png",300,300,false],"trp-custom-language-flag":["https:\/\/opening-doors.eu\/wp-content\/uploads\/2024\/09\/perfils-socials-trans.png",12,12,false]},"uagb_author_info":{"display_name":"mondo","author_link":"https:\/\/opening-doors.eu\/fr\/author\/mondo\/"},"uagb_comment_info":0,"uagb_excerpt":"Personal shopper inmobiliario \u00bfQuieres comprar un inmueble en Barcelona? Desde Opening Doors te acompa\u00f1amos en la b\u00fasqueda y selecci\u00f3n de [&hellip;]","_links":{"self":[{"href":"https:\/\/opening-doors.eu\/fr\/wp-json\/wp\/v2\/pages\/378","targetHints":{"allow":["GET"]}}],"collection":[{"href":"https:\/\/opening-doors.eu\/fr\/wp-json\/wp\/v2\/pages"}],"about":[{"href":"https:\/\/opening-doors.eu\/fr\/wp-json\/wp\/v2\/types\/page"}],"author":[{"embeddable":true,"href":"https:\/\/opening-doors.eu\/fr\/wp-json\/wp\/v2\/users\/1"}],"replies":[{"embeddable":true,"href":"https:\/\/opening-doors.eu\/fr\/wp-json\/wp\/v2\/comments?post=378"}],"version-history":[{"count":119,"href":"https:\/\/opening-doors.eu\/fr\/wp-json\/wp\/v2\/pages\/378\/revisions"}],"predecessor-version":[{"id":4297,"href":"https:\/\/opening-doors.eu\/fr\/wp-json\/wp\/v2\/pages\/378\/revisions\/4297"}],"wp:featuredmedia":[{"embeddable":true,"href":"https:\/\/opening-doors.eu\/fr\/wp-json\/wp\/v2\/media\/49"}],"wp:attachment":[{"href":"https:\/\/opening-doors.eu\/fr\/wp-json\/wp\/v2\/media?parent=378"}],"curies":[{"name":"wp","href":"https:\/\/api.w.org\/{rel}","templated":true}]}}