{"id":4395,"date":"2024-11-29T19:56:37","date_gmt":"2024-11-29T19:56:37","guid":{"rendered":"https:\/\/opening-doors.eu\/?page_id=4395"},"modified":"2024-12-04T19:33:44","modified_gmt":"2024-12-04T19:33:44","slug":"termes-et-conditions","status":"publish","type":"page","link":"https:\/\/opening-doors.eu\/fr\/termes-et-conditions\/","title":{"rendered":"Termes et conditions"},"content":{"rendered":"<p>Bienvenue \u00e0 Opening Doors Apartments &amp; Villas SL. En acc\u00e9dant et en utilisant l&#039;un des<br>nos sites Web\u00a0: https:\/\/opening-doors.eu\/ et https:\/\/openingdoorsapartments.holidayfuture.com\/, vous acceptez de vous conformer aux conditions g\u00e9n\u00e9rales suivantes. Veuillez les lire attentivement avant d&#039;utiliser l&#039;un d&#039;entre eux.<br>nos pages.<\/p>\n\n\n\n<h2 class=\"wp-block-heading\">Informations sur le propri\u00e9taire du site Web<\/h2>\n\n\n\n<p>Les deux sites Web sont exploit\u00e9s par\u00a0:<\/p>\n\n\n\n<ul class=\"wp-block-list\">\n<li><strong>Titre :<\/strong> Opening Doors Apartments &amp; Villas SL<\/li>\n\n\n\n<li><strong>NIF\/CIF :<\/strong> B55494421<\/li>\n\n\n\n<li><strong>Adresse :<\/strong> C\/Rabassa 33 1\u00ba 1\u00ba, 08024 Barcelone<\/li>\n\n\n\n<li><strong>E-mail :<\/strong> info@opening-doors.eu<\/li>\n\n\n\n<li><strong>T\u00e9l\u00e9phone:<\/strong> 669885039<\/li>\n<\/ul>\n\n\n\n<h2 class=\"wp-block-heading\">Utilisation autoris\u00e9e<\/h2>\n\n\n\n<p>L&#039;acc\u00e8s \u00e0 ce site Internet est autoris\u00e9 exclusivement pour :<\/p>\n\n\n\n<ul class=\"wp-block-list\">\n<li>Parcourez son contenu.<\/li>\n\n\n\n<li>Effectuer des demandes de renseignements ou des demandes d&#039;informations.<\/li>\n\n\n\n<li>Services de location propos\u00e9s par le Propri\u00e9taire.<\/li>\n<\/ul>\n\n\n\n<h3 class=\"wp-block-heading\">Interdictions\u00a0:<\/h3>\n\n\n\n<p>Vous n&#039;\u00eates pas autoris\u00e9 \u00e0 utiliser ce site Web pour des activit\u00e9s ill\u00e9gales, frauduleuses ou<br>peut nuire aux droits ou int\u00e9r\u00eats du Propri\u00e9taire ou de tiers. Cela comprend\u00a0:<\/p>\n\n\n\n<ul class=\"wp-block-list\">\n<li>Introduire des logiciels malveillants (virus, chevaux de Troie, etc.).<\/li>\n\n\n\n<li>Manipuler ou modifier le contenu ou les fonctionnalit\u00e9s du site.<\/li>\n\n\n\n<li>Usurer l\u2019identit\u00e9 de tiers.<\/li>\n<\/ul>\n\n\n\n<h2 class=\"wp-block-heading\">Propri\u00e9t\u00e9 intellectuelle et industrielle<\/h2>\n\n\n\n<p>Tous les contenus de ce site Web, y compris les textes, images, graphiques, logos, vid\u00e9os, logiciels et design, sont prot\u00e9g\u00e9s par des droits de propri\u00e9t\u00e9 intellectuelle et industrielle appartenant au Propri\u00e9taire ou \u00e0 des tiers ayant autoris\u00e9 son utilisation. Il est strictement interdit de reproduire, distribuer, modifier ou utiliser ces<br>contenu sans l\u2019autorisation \u00e9crite pr\u00e9alable du Propri\u00e9taire.<\/p>\n\n\n\n<h2 class=\"wp-block-heading\">Responsabilit\u00e9s<\/h2>\n\n\n\n<ul class=\"wp-block-list\">\n<li><strong>De l&#039;utilisateur\u00a0: <\/strong><br>Vous \u00eates responsable d\u2019utiliser ce site Web de mani\u00e8re appropri\u00e9e et conform\u00e9ment aux pr\u00e9sentes conditions g\u00e9n\u00e9rales. De m\u00eame, vous garantissez que les informations fournies au Propri\u00e9taire sont v\u00e9ridiques et ne portent pas atteinte aux droits de tiers.<\/li>\n\n\n\n<li><strong>Du propri\u00e9taire :<\/strong>Bien que nous prenions des mesures pour garantir que les informations pr\u00e9sentes sur le site Web soient exactes et \u00e0 jour, nous ne garantissons pas qu&#039;il n&#039;y aura pas d&#039;erreurs ou d&#039;interruptions dans le service. Le Propri\u00e9taire ne sera pas responsable de\u00a0:<br>\u2013 Dommages r\u00e9sultant d\u2019une mauvaise utilisation du site Internet.<br>\u2013 Pannes techniques ind\u00e9pendantes de notre volont\u00e9.<br>\u2013 Liens vers des sites tiers, qui ont leurs propres politiques et conditions.<\/li>\n<\/ul>\n\n\n\n<h2 class=\"wp-block-heading\">Conditions du contrat<\/h2>\n\n\n\n<p>Lorsque vous souscrivez des services via notre site Web\u00a0:<\/p>\n\n\n\n<ul class=\"wp-block-list\">\n<li>Vous garantissez que vous \u00eates majeur et que vous avez la capacit\u00e9 juridique de contracter.<\/li>\n\n\n\n<li>Vous devez fournir des informations compl\u00e8tes et v\u00e9ridiques.<\/li>\n\n\n\n<li>Les prix, descriptions et conditions particuli\u00e8res des prestations seront communiqu\u00e9s avant la souscription.<\/li>\n<\/ul>\n\n\n\n<h3 class=\"wp-block-heading\">Annulations\u00a0:<\/h3>\n\n\n\n<p>Pour les r\u00e9servations de locations de vacances, vous pouvez v\u00e9rifier les informations d&#039;annulation sur la page d&#039;annonce, ainsi que pendant le processus de r\u00e9servation, avant d&#039;effectuer le paiement.<\/p>\n\n\n\n<h2 class=\"wp-block-heading\">Protection des donn\u00e9es personnelles<\/h2>\n\n\n\n<p>La collecte et le traitement des donn\u00e9es personnelles sont effectu\u00e9s conform\u00e9ment \u00e0 notre Politique de Confidentialit\u00e9, que vous pouvez consulter <a href=\"https:\/\/opening-doors.eu\/fr\/politique-de-confidentialite\/\">ici<\/a><\/p>\n\n\n\n<h2 class=\"wp-block-heading\">L\u00e9gislation et juridiction<\/h2>\n\n\n\n<p>Les pr\u00e9sentes conditions g\u00e9n\u00e9rales sont r\u00e9gies par la loi espagnole. Pour tout<br>litige li\u00e9 \u00e0 l&#039;utilisation de ce site Web, les deux parties se soumettent aux Cours et Tribunaux de la ville de Barcelone, \u00e0 moins que la loi ne pr\u00e9voit une autre juridiction imp\u00e9rative.<\/p>\n\n\n\n<h2 class=\"wp-block-heading\">Modifications<\/h2>\n\n\n\n<p>Le Propri\u00e9taire se r\u00e9serve le droit de modifier les pr\u00e9sentes Conditions G\u00e9n\u00e9rales \u00e0 tout moment. Les modifications seront publi\u00e9es sur ce site Web et entreront en vigueur d\u00e8s leur publication. Il est recommand\u00e9 de les revoir p\u00e9riodiquement.<\/p>","protected":false},"excerpt":{"rendered":"<p>Bienvenido a Opening Doors Apartments &amp; Villas SL. Al acceder y utilizar alguno denuestros sitios web: https:\/\/opening-doors.eu\/ y https:\/\/openingdoorsapartments.holidayfuture.com\/, aceptas [&hellip;]<\/p>\n","protected":false},"author":1,"featured_media":0,"parent":0,"menu_order":0,"comment_status":"closed","ping_status":"closed","template":"","meta":{"_uag_custom_page_level_css":"","site-sidebar-layout":"default","site-content-layout":"","ast-site-content-layout":"narrow-width-container","site-content-style":"default","site-sidebar-style":"default","ast-global-header-display":"","ast-banner-title-visibility":"","ast-main-header-display":"","ast-hfb-above-header-display":"","ast-hfb-below-header-display":"","ast-hfb-mobile-header-display":"","site-post-title":"","ast-breadcrumbs-content":"","ast-featured-img":"","footer-sml-layout":"","ast-disable-related-posts":"","theme-transparent-header-meta":"","adv-header-id-meta":"","stick-header-meta":"","header-above-stick-meta":"","header-main-stick-meta":"","header-below-stick-meta":"","astra-migrate-meta-layouts":"default","ast-page-background-enabled":"default","ast-page-background-meta":{"desktop":{"background-color":"var(--ast-global-color-4)","background-image":"","background-repeat":"repeat","background-position":"center center","background-size":"auto","background-attachment":"scroll","background-type":"","background-media":"","overlay-type":"","overlay-color":"","overlay-opacity":"","overlay-gradient":""},"tablet":{"background-color":"","background-image":"","background-repeat":"repeat","background-position":"center center","background-size":"auto","background-attachment":"scroll","background-type":"","background-media":"","overlay-type":"","overlay-color":"","overlay-opacity":"","overlay-gradient":""},"mobile":{"background-color":"","background-image":"","background-repeat":"repeat","background-position":"center center","background-size":"auto","background-attachment":"scroll","background-type":"","background-media":"","overlay-type":"","overlay-color":"","overlay-opacity":"","overlay-gradient":""}},"ast-content-background-meta":{"desktop":{"background-color":"var(--ast-global-color-5)","background-image":"","background-repeat":"repeat","background-position":"center center","background-size":"auto","background-attachment":"scroll","background-type":"","background-media":"","overlay-type":"","overlay-color":"","overlay-opacity":"","overlay-gradient":""},"tablet":{"background-color":"var(--ast-global-color-5)","background-image":"","background-repeat":"repeat","background-position":"center center","background-size":"auto","background-attachment":"scroll","background-type":"","background-media":"","overlay-type":"","overlay-color":"","overlay-opacity":"","overlay-gradient":""},"mobile":{"background-color":"var(--ast-global-color-5)","background-image":"","background-repeat":"repeat","background-position":"center center","background-size":"auto","background-attachment":"scroll","background-type":"","background-media":"","overlay-type":"","overlay-color":"","overlay-opacity":"","overlay-gradient":""}},"footnotes":""},"class_list":["post-4395","page","type-page","status-publish","hentry"],"yoast_head":"<!-- This site is optimized with the Yoast SEO plugin v27.5 - https:\/\/yoast.com\/product\/yoast-seo-wordpress\/ -->\n<title>T\u00e9rminos y Condiciones - Opening Doors<\/title>\n<meta name=\"robots\" content=\"noindex, follow\" \/>\n<meta property=\"og:locale\" content=\"fr_FR\" \/>\n<meta property=\"og:type\" content=\"article\" \/>\n<meta property=\"og:title\" content=\"T\u00e9rminos y Condiciones - Opening Doors\" \/>\n<meta property=\"og:description\" content=\"Bienvenido a Opening Doors Apartments &amp; Villas SL. Al acceder y utilizar alguno denuestros sitios web: https:\/\/opening-doors.eu\/ y https:\/\/openingdoorsapartments.holidayfuture.com\/, aceptas [&hellip;]\" \/>\n<meta property=\"og:url\" content=\"https:\/\/opening-doors.eu\/fr\/termes-et-conditions\/\" \/>\n<meta property=\"og:site_name\" content=\"Opening Doors\" \/>\n<meta property=\"article:modified_time\" content=\"2024-12-04T19:33:44+00:00\" \/>\n<meta name=\"twitter:card\" content=\"summary_large_image\" \/>\n<meta name=\"twitter:label1\" content=\"Dur\u00e9e de lecture estim\u00e9e\" \/>\n\t<meta name=\"twitter:data1\" content=\"3 minutes\" \/>\n<script type=\"application\/ld+json\" class=\"yoast-schema-graph\">{\"@context\":\"https:\\\/\\\/schema.org\",\"@graph\":[{\"@type\":\"WebPage\",\"@id\":\"https:\\\/\\\/opening-doors.eu\\\/terminos-y-condiciones\\\/\",\"url\":\"https:\\\/\\\/opening-doors.eu\\\/terminos-y-condiciones\\\/\",\"name\":\"T\u00e9rminos y Condiciones - Opening Doors\",\"isPartOf\":{\"@id\":\"https:\\\/\\\/opening-doors.eu\\\/#website\"},\"datePublished\":\"2024-11-29T19:56:37+00:00\",\"dateModified\":\"2024-12-04T19:33:44+00:00\",\"breadcrumb\":{\"@id\":\"https:\\\/\\\/opening-doors.eu\\\/terminos-y-condiciones\\\/#breadcrumb\"},\"inLanguage\":\"fr-FR\",\"potentialAction\":[{\"@type\":\"ReadAction\",\"target\":[\"https:\\\/\\\/opening-doors.eu\\\/terminos-y-condiciones\\\/\"]}]},{\"@type\":\"BreadcrumbList\",\"@id\":\"https:\\\/\\\/opening-doors.eu\\\/terminos-y-condiciones\\\/#breadcrumb\",\"itemListElement\":[{\"@type\":\"ListItem\",\"position\":1,\"name\":\"Inicio\",\"item\":\"https:\\\/\\\/opening-doors.eu\\\/\"},{\"@type\":\"ListItem\",\"position\":2,\"name\":\"T\u00e9rminos y Condiciones\"}]},{\"@type\":\"WebSite\",\"@id\":\"https:\\\/\\\/opening-doors.eu\\\/#website\",\"url\":\"https:\\\/\\\/opening-doors.eu\\\/\",\"name\":\"Opening Doors\",\"description\":\"\",\"publisher\":{\"@id\":\"https:\\\/\\\/opening-doors.eu\\\/#organization\"},\"potentialAction\":[{\"@type\":\"SearchAction\",\"target\":{\"@type\":\"EntryPoint\",\"urlTemplate\":\"https:\\\/\\\/opening-doors.eu\\\/?s={search_term_string}\"},\"query-input\":{\"@type\":\"PropertyValueSpecification\",\"valueRequired\":true,\"valueName\":\"search_term_string\"}}],\"inLanguage\":\"fr-FR\"},{\"@type\":\"Organization\",\"@id\":\"https:\\\/\\\/opening-doors.eu\\\/#organization\",\"name\":\"Opening Doors\",\"url\":\"https:\\\/\\\/opening-doors.eu\\\/\",\"logo\":{\"@type\":\"ImageObject\",\"inLanguage\":\"fr-FR\",\"@id\":\"https:\\\/\\\/opening-doors.eu\\\/#\\\/schema\\\/logo\\\/image\\\/\",\"url\":\"https:\\\/\\\/opening-doors.eu\\\/wp-content\\\/uploads\\\/2026\\\/04\\\/logo_OD_web_02.png\",\"contentUrl\":\"https:\\\/\\\/opening-doors.eu\\\/wp-content\\\/uploads\\\/2026\\\/04\\\/logo_OD_web_02.png\",\"width\":215,\"height\":108,\"caption\":\"Opening Doors\"},\"image\":{\"@id\":\"https:\\\/\\\/opening-doors.eu\\\/#\\\/schema\\\/logo\\\/image\\\/\"}}]}<\/script>\n<!-- \/ Yoast SEO plugin. -->","yoast_head_json":{"title":"Termes et conditions - Ouverture des portes","robots":{"index":"noindex","follow":"follow"},"og_locale":"fr_FR","og_type":"article","og_title":"T\u00e9rminos y Condiciones - Opening Doors","og_description":"Bienvenido a Opening Doors Apartments &amp; Villas SL. Al acceder y utilizar alguno denuestros sitios web: https:\/\/opening-doors.eu\/ y https:\/\/openingdoorsapartments.holidayfuture.com\/, aceptas [&hellip;]","og_url":"https:\/\/opening-doors.eu\/fr\/termes-et-conditions\/","og_site_name":"Opening Doors","article_modified_time":"2024-12-04T19:33:44+00:00","twitter_card":"summary_large_image","twitter_misc":{"Dur\u00e9e de lecture estim\u00e9e":"3 minutes"},"schema":{"@context":"https:\/\/schema.org","@graph":[{"@type":"WebPage","@id":"https:\/\/opening-doors.eu\/terminos-y-condiciones\/","url":"https:\/\/opening-doors.eu\/terminos-y-condiciones\/","name":"Termes et conditions - Ouverture des portes","isPartOf":{"@id":"https:\/\/opening-doors.eu\/#website"},"datePublished":"2024-11-29T19:56:37+00:00","dateModified":"2024-12-04T19:33:44+00:00","breadcrumb":{"@id":"https:\/\/opening-doors.eu\/terminos-y-condiciones\/#breadcrumb"},"inLanguage":"fr-FR","potentialAction":[{"@type":"ReadAction","target":["https:\/\/opening-doors.eu\/terminos-y-condiciones\/"]}]},{"@type":"BreadcrumbList","@id":"https:\/\/opening-doors.eu\/terminos-y-condiciones\/#breadcrumb","itemListElement":[{"@type":"ListItem","position":1,"name":"Inicio","item":"https:\/\/opening-doors.eu\/"},{"@type":"ListItem","position":2,"name":"T\u00e9rminos y Condiciones"}]},{"@type":"WebSite","@id":"https:\/\/opening-doors.eu\/#website","url":"https:\/\/opening-doors.eu\/","name":"Opening Doors","description":"","publisher":{"@id":"https:\/\/opening-doors.eu\/#organization"},"potentialAction":[{"@type":"SearchAction","target":{"@type":"EntryPoint","urlTemplate":"https:\/\/opening-doors.eu\/?s={search_term_string}"},"query-input":{"@type":"PropertyValueSpecification","valueRequired":true,"valueName":"search_term_string"}}],"inLanguage":"fr-FR"},{"@type":"Organization","@id":"https:\/\/opening-doors.eu\/#organization","name":"Opening Doors","url":"https:\/\/opening-doors.eu\/","logo":{"@type":"ImageObject","inLanguage":"fr-FR","@id":"https:\/\/opening-doors.eu\/#\/schema\/logo\/image\/","url":"https:\/\/opening-doors.eu\/wp-content\/uploads\/2026\/04\/logo_OD_web_02.png","contentUrl":"https:\/\/opening-doors.eu\/wp-content\/uploads\/2026\/04\/logo_OD_web_02.png","width":215,"height":108,"caption":"Opening Doors"},"image":{"@id":"https:\/\/opening-doors.eu\/#\/schema\/logo\/image\/"}}]}},"uagb_featured_image_src":{"full":false,"thumbnail":false,"medium":false,"medium_large":false,"large":false,"1536x1536":false,"2048x2048":false,"trp-custom-language-flag":false},"uagb_author_info":{"display_name":"mondo","author_link":"https:\/\/opening-doors.eu\/fr\/author\/mondo\/"},"uagb_comment_info":0,"uagb_excerpt":"Bienvenido a Opening Doors Apartments &amp; Villas SL. Al acceder y utilizar alguno denuestros sitios web: https:\/\/opening-doors.eu\/ y https:\/\/openingdoorsapartments.holidayfuture.com\/, aceptas [&hellip;]","_links":{"self":[{"href":"https:\/\/opening-doors.eu\/fr\/wp-json\/wp\/v2\/pages\/4395","targetHints":{"allow":["GET"]}}],"collection":[{"href":"https:\/\/opening-doors.eu\/fr\/wp-json\/wp\/v2\/pages"}],"about":[{"href":"https:\/\/opening-doors.eu\/fr\/wp-json\/wp\/v2\/types\/page"}],"author":[{"embeddable":true,"href":"https:\/\/opening-doors.eu\/fr\/wp-json\/wp\/v2\/users\/1"}],"replies":[{"embeddable":true,"href":"https:\/\/opening-doors.eu\/fr\/wp-json\/wp\/v2\/comments?post=4395"}],"version-history":[{"count":14,"href":"https:\/\/opening-doors.eu\/fr\/wp-json\/wp\/v2\/pages\/4395\/revisions"}],"predecessor-version":[{"id":4417,"href":"https:\/\/opening-doors.eu\/fr\/wp-json\/wp\/v2\/pages\/4395\/revisions\/4417"}],"wp:attachment":[{"href":"https:\/\/opening-doors.eu\/fr\/wp-json\/wp\/v2\/media?parent=4395"}],"curies":[{"name":"wp","href":"https:\/\/api.w.org\/{rel}","templated":true}]}}